{"id":4430,"date":"2025-08-12T13:18:21","date_gmt":"2025-08-12T19:18:21","guid":{"rendered":"https:\/\/creativashift.com\/?page_id=4430"},"modified":"2025-08-14T00:39:42","modified_gmt":"2025-08-14T06:39:42","slug":"nuestra-oferta","status":"publish","type":"page","link":"https:\/\/creativashift.com\/en\/nuestra-oferta\/","title":{"rendered":"Our Offer"},"content":{"rendered":"<div data-elementor-type=\"wp-page\" data-elementor-id=\"4430\" class=\"elementor elementor-4430\">\n\t\t\t\t<div class=\"elementor-element elementor-element-d8d181b e-con-full e-flex e-con e-parent\" data-id=\"d8d181b\" data-element_type=\"container\" data-settings=\"{&quot;background_background&quot;:&quot;classic&quot;}\">\n\t\t\r\n\t\t<div class=\"elementor-element elementor-element-5f2b73e elementor-widget elementor-widget-saorsectiontitle\" data-id=\"5f2b73e\" data-element_type=\"widget\" data-widget_type=\"saorsectiontitle.default\">\n\t\t\t\t<div class=\"elementor-widget-container\">\n\t\t\t\t\t\t\t<div class=\"title-area text-center\">\r\n\t\t\t<span class=\"sub-title\"><span class=\"line\"><\/span>Our offer<\/span><h2 class=\"sec-title\">We have a plan for you<\/h2>\t\t<\/div>\r\n\r\n\t\t\t\t\t<\/div>\n\t\t\t\t<\/div>\n\t\t<div class=\"elementor-element elementor-element-c9375f4 e-grid e-con-boxed e-con e-child\" data-id=\"c9375f4\" data-element_type=\"container\">\n\t\t\t\t\t<div class=\"e-con-inner\">\n\t\t<div class=\"elementor-element elementor-element-5c6945a e-con-full price-box e-flex e-con e-child\" data-id=\"5c6945a\" data-element_type=\"container\">\n\t\t\t\t<div class=\"elementor-element elementor-element-4ebfa7b elementor-widget elementor-widget-menu-anchor\" data-id=\"4ebfa7b\" data-element_type=\"widget\" data-widget_type=\"menu-anchor.default\">\n\t\t\t\t\t\t\t<div class=\"elementor-menu-anchor\" id=\"start\"><\/div>\n\t\t\t\t\t\t<\/div>\n\t\t\t\t<div class=\"elementor-element elementor-element-11df1ae elementor-widget elementor-widget-heading\" data-id=\"11df1ae\" data-element_type=\"widget\" data-widget_type=\"heading.default\">\n\t\t\t\t\t<h3 class=\"elementor-heading-title elementor-size-default\">SHIFT Start<\/h3>\t\t\t\t<\/div>\n\t\t\t\t<div class=\"elementor-element elementor-element-fcdc9d8 price-table elementor-widget elementor-widget-shortcode\" data-id=\"fcdc9d8\" data-element_type=\"widget\" data-widget_type=\"shortcode.default\">\n\t\t\t\t\t\t\t<div class=\"elementor-shortcode\"><p class=\"product woocommerce add_to_cart_inline\" style=\"border:4px solid #ccc; padding: 12px;\"><span class=\"woocommerce-Price-amount amount\"><bdi>100.00&nbsp;<span class=\"woocommerce-Price-currencySymbol\">MXN<\/span><\/bdi><\/span> <small class=\"woocommerce-price-suffix\">+ IVA<\/small><a href=\"https:\/\/creativashift.com\/en\/product\/shift-seed\/\" data-quantity=\"1\" class=\"cart-button icon-btn product_type_variable add_to_cart_button\" data-product_id=\"4627\" data-product_sku=\"\" aria-label=\"Select options for \u201cShift Seed\u201d\" rel=\"nofollow\" data-no-translation-aria-label=\"\"><i class=\"far fa-cart-plus\"><\/i><\/a><\/p><\/div>\n\t\t\t\t\t\t<\/div>\n\t\t\t\t<div class=\"elementor-element elementor-element-7ef4f31 elementor-widget elementor-widget-text-editor\" data-id=\"7ef4f31\" data-element_type=\"widget\" data-widget_type=\"text-editor.default\">\n\t\t\t\t\t\t\t\t\t<p>Ideal for new businesses that need to start their digital presence.<\/p>\t\t\t\t\t\t\t\t<\/div>\n\t\t\t\t<div class=\"elementor-element elementor-element-bb26bb1 elementor-widget elementor-widget-saorbutton\" data-id=\"bb26bb1\" data-element_type=\"widget\" data-widget_type=\"saorbutton.default\">\n\t\t\t\t<div class=\"elementor-widget-container\">\n\t\t\t\t\t<div class=\"btn-wrapper\"><a class=\"th-btn th_btn btn-mask th-btn-icon th-btn btn-fw th-radius th-icon\" href=\"https:\/\/creativashift.com\/en\/nuestra-oferta\/?add-to-cart=4627\">Start now<i class=\"fa-regular fa-arrow-right ms-2\"><\/i><\/a><\/div>\t\t\t\t<\/div>\n\t\t\t\t<\/div>\n\t\t\t\t<div class=\"elementor-element elementor-element-dfe28ba elementor-widget elementor-widget-text-editor\" data-id=\"dfe28ba\" data-element_type=\"widget\" data-widget_type=\"text-editor.default\">\n\t\t\t\t\t\t\t\t\t<div class=\"box-content\">\n<div class=\"available-list\">\n<ul>\n \t<li>Basic marketing strategy (social media and initial branding).<\/li>\n<li>Payment gateway implementation.<\/li>\n<li>Monthly 1-hour consultation.<\/li>\n<\/ul>\n<\/div>\n<\/div>\t\t\t\t\t\t\t\t<\/div>\n\t\t\t\t<\/div>\n\t\t<div class=\"elementor-element elementor-element-2a20b26 e-con-full price-box e-flex e-con e-child\" data-id=\"2a20b26\" data-element_type=\"container\">\n\t\t\t\t<div class=\"elementor-element elementor-element-e2ea171 elementor-widget elementor-widget-menu-anchor\" data-id=\"e2ea171\" data-element_type=\"widget\" data-widget_type=\"menu-anchor.default\">\n\t\t\t\t\t\t\t<div class=\"elementor-menu-anchor\" id=\"boost\"><\/div>\n\t\t\t\t\t\t<\/div>\n\t\t\t\t<div class=\"elementor-element elementor-element-3d5a479 elementor-widget elementor-widget-heading\" data-id=\"3d5a479\" data-element_type=\"widget\" data-widget_type=\"heading.default\">\n\t\t\t\t\t<h3 class=\"elementor-heading-title elementor-size-default\">SHIFT Boost <\/h3>\t\t\t\t<\/div>\n\t\t\t\t<div class=\"elementor-element elementor-element-62a9c1e price-table elementor-widget elementor-widget-shortcode\" data-id=\"62a9c1e\" data-element_type=\"widget\" data-widget_type=\"shortcode.default\">\n\t\t\t\t\t\t\t<div class=\"elementor-shortcode\"><p class=\"product woocommerce add_to_cart_inline\" style=\"border:4px solid #ccc; padding: 12px;\"><span class=\"woocommerce-Price-amount amount\"><bdi>400.00&nbsp;<span class=\"woocommerce-Price-currencySymbol\">MXN<\/span><\/bdi><\/span> <small class=\"woocommerce-price-suffix\">+ IVA<\/small><a href=\"https:\/\/creativashift.com\/en\/product\/shift-rise\/\" data-quantity=\"1\" class=\"cart-button icon-btn product_type_variable add_to_cart_button\" data-product_id=\"4628\" data-product_sku=\"\" aria-label=\"Select options for \u201cShift Rise\u201d\" rel=\"nofollow\" data-no-translation-aria-label=\"\"><i class=\"far fa-cart-plus\"><\/i><\/a><\/p><\/div>\n\t\t\t\t\t\t<\/div>\n\t\t\t\t<div class=\"elementor-element elementor-element-80bc6f1 elementor-widget elementor-widget-text-editor\" data-id=\"80bc6f1\" data-element_type=\"widget\" data-widget_type=\"text-editor.default\">\n\t\t\t\t\t\t\t\t\t<p>Ideal for growth-stage companies looking to professionalize their marketing.<\/p>\t\t\t\t\t\t\t\t<\/div>\n\t\t\t\t<div class=\"elementor-element elementor-element-0a919a7 elementor-widget elementor-widget-saorbutton\" data-id=\"0a919a7\" data-element_type=\"widget\" data-widget_type=\"saorbutton.default\">\n\t\t\t\t<div class=\"elementor-widget-container\">\n\t\t\t\t\t<div class=\"btn-wrapper\"><a class=\"th-btn th_btn btn-mask th-btn-icon th-btn btn-fw th-radius th-icon\" href=\"https:\/\/creativashift.com\/en\/nuestra-oferta\/?add-to-cart=4628\">Start now<i class=\"fa-regular fa-arrow-right ms-2\"><\/i><\/a><\/div>\t\t\t\t<\/div>\n\t\t\t\t<\/div>\n\t\t\t\t<div class=\"elementor-element elementor-element-0aa47bd elementor-widget elementor-widget-text-editor\" data-id=\"0aa47bd\" data-element_type=\"widget\" data-widget_type=\"text-editor.default\">\n\t\t\t\t\t\t\t\t\t<div class=\"box-content\"><div class=\"available-list\"><ul><li>Everything about the <em>Start plan<\/em>.<\/li><li>Initial digital transformation (process and tool optimization).<\/li><li>Business leadership training (1 monthly workshop).<\/li><li>Basic social media management (up to 3 platforms).<\/li><\/ul><\/div><\/div>\t\t\t\t\t\t\t\t<\/div>\n\t\t\t\t<\/div>\n\t\t<div class=\"elementor-element elementor-element-fa41ea1 e-con-full price-box e-flex e-con e-child\" data-id=\"fa41ea1\" data-element_type=\"container\">\n\t\t\t\t<div class=\"elementor-element elementor-element-33c779b elementor-widget elementor-widget-menu-anchor\" data-id=\"33c779b\" data-element_type=\"widget\" data-widget_type=\"menu-anchor.default\">\n\t\t\t\t\t\t\t<div class=\"elementor-menu-anchor\" id=\"pro\"><\/div>\n\t\t\t\t\t\t<\/div>\n\t\t\t\t<div class=\"elementor-element elementor-element-49f2289 elementor-widget elementor-widget-heading\" data-id=\"49f2289\" data-element_type=\"widget\" data-widget_type=\"heading.default\">\n\t\t\t\t\t<h3 class=\"elementor-heading-title elementor-size-default\">SHIFT Pro <\/h3>\t\t\t\t<\/div>\n\t\t\t\t<div class=\"elementor-element elementor-element-997c0ac price-table elementor-widget elementor-widget-shortcode\" data-id=\"997c0ac\" data-element_type=\"widget\" data-widget_type=\"shortcode.default\">\n\t\t\t\t\t\t\t<div class=\"elementor-shortcode\"><p class=\"product woocommerce add_to_cart_inline\" style=\"border:4px solid #ccc; padding: 12px;\"><span class=\"woocommerce-Price-amount amount\"><bdi>960.00&nbsp;<span class=\"woocommerce-Price-currencySymbol\">MXN<\/span><\/bdi><\/span> <small class=\"woocommerce-price-suffix\">+ IVA<\/small><a href=\"https:\/\/creativashift.com\/en\/product\/shift-growth\/\" data-quantity=\"1\" class=\"cart-button icon-btn product_type_variable add_to_cart_button\" data-product_id=\"4629\" data-product_sku=\"\" aria-label=\"Select options for \u201cShift Growth\u201d\" rel=\"nofollow\" data-no-translation-aria-label=\"\"><i class=\"far fa-cart-plus\"><\/i><\/a><\/p><\/div>\n\t\t\t\t\t\t<\/div>\n\t\t\t\t<div class=\"elementor-element elementor-element-32b905b elementor-widget elementor-widget-text-editor\" data-id=\"32b905b\" data-element_type=\"widget\" data-widget_type=\"text-editor.default\">\n\t\t\t\t\t\t\t\t\t<p>Ideal for companies that need to expand into new markets and improve their management.<\/p>\t\t\t\t\t\t\t\t<\/div>\n\t\t\t\t<div class=\"elementor-element elementor-element-5681283 elementor-widget elementor-widget-saorbutton\" data-id=\"5681283\" data-element_type=\"widget\" data-widget_type=\"saorbutton.default\">\n\t\t\t\t<div class=\"elementor-widget-container\">\n\t\t\t\t\t<div class=\"btn-wrapper\"><a class=\"th-btn th_btn btn-mask th-btn-icon th-btn btn-fw th-radius th-icon\" href=\"https:\/\/creativashift.com\/en\/nuestra-oferta\/?add-to-cart=4629\">Start now<i class=\"fa-regular fa-arrow-right ms-2\"><\/i><\/a><\/div>\t\t\t\t<\/div>\n\t\t\t\t<\/div>\n\t\t\t\t<div class=\"elementor-element elementor-element-ad824c7 elementor-widget elementor-widget-text-editor\" data-id=\"ad824c7\" data-element_type=\"widget\" data-widget_type=\"text-editor.default\">\n\t\t\t\t\t\t\t\t\t<div class=\"box-content\"><div class=\"available-list\"><ul><li>Everything about the <em>Boost Plan<\/em>.<\/li><li>Comprehensive marketing strategy (multi-channel campaigns).<\/li><li>Organizational change management (consulting and monitoring).<\/li><li>Monthly report of metrics and improvements.<\/li><\/ul><\/div><\/div>\t\t\t\t\t\t\t\t<\/div>\n\t\t\t\t<\/div>\n\t\t<div class=\"elementor-element elementor-element-51c6383 e-con-full price-box e-flex e-con e-child\" data-id=\"51c6383\" data-element_type=\"container\">\n\t\t\t\t<div class=\"elementor-element elementor-element-001beb0 elementor-widget elementor-widget-menu-anchor\" data-id=\"001beb0\" data-element_type=\"widget\" data-widget_type=\"menu-anchor.default\">\n\t\t\t\t\t\t\t<div class=\"elementor-menu-anchor\" id=\"max\"><\/div>\n\t\t\t\t\t\t<\/div>\n\t\t\t\t<div class=\"elementor-element elementor-element-90f7304 elementor-widget elementor-widget-heading\" data-id=\"90f7304\" data-element_type=\"widget\" data-widget_type=\"heading.default\">\n\t\t\t\t\t<h3 class=\"elementor-heading-title elementor-size-default\">SHIFT Max<\/h3>\t\t\t\t<\/div>\n\t\t\t\t<div class=\"elementor-element elementor-element-719ebd6 price-table elementor-widget elementor-widget-shortcode\" data-id=\"719ebd6\" data-element_type=\"widget\" data-widget_type=\"shortcode.default\">\n\t\t\t\t\t\t\t<div class=\"elementor-shortcode\"><p class=\"product woocommerce add_to_cart_inline\" style=\"border:4px solid #ccc; padding: 12px;\"><span class=\"woocommerce-Price-amount amount\"><bdi>1,200.00&nbsp;<span class=\"woocommerce-Price-currencySymbol\">MXN<\/span><\/bdi><\/span> <small class=\"woocommerce-price-suffix\">+ IVA<\/small><a href=\"https:\/\/creativashift.com\/en\/product\/shift-spark\/\" data-quantity=\"1\" class=\"cart-button icon-btn product_type_variable add_to_cart_button\" data-product_id=\"4630\" data-product_sku=\"\" aria-label=\"Select options for \u201cShift Spark\u201d\" rel=\"nofollow\" data-no-translation-aria-label=\"\"><i class=\"far fa-cart-plus\"><\/i><\/a><\/p><\/div>\n\t\t\t\t\t\t<\/div>\n\t\t\t\t<div class=\"elementor-element elementor-element-fd5ff83 elementor-widget elementor-widget-text-editor\" data-id=\"fd5ff83\" data-element_type=\"widget\" data-widget_type=\"text-editor.default\">\n\t\t\t\t\t\t\t\t\t<p>Ideal for companies with national and international operations.<\/p>\t\t\t\t\t\t\t\t<\/div>\n\t\t\t\t<div class=\"elementor-element elementor-element-5bbdada elementor-widget elementor-widget-saorbutton\" data-id=\"5bbdada\" data-element_type=\"widget\" data-widget_type=\"saorbutton.default\">\n\t\t\t\t<div class=\"elementor-widget-container\">\n\t\t\t\t\t<div class=\"btn-wrapper\"><a class=\"th-btn th_btn btn-mask th-btn-icon th-btn btn-fw th-radius th-icon\" href=\"https:\/\/creativashift.com\/en\/nuestra-oferta\/?add-to-cart=4630\">Start now<i class=\"fa-regular fa-arrow-right ms-2\"><\/i><\/a><\/div>\t\t\t\t<\/div>\n\t\t\t\t<\/div>\n\t\t\t\t<div class=\"elementor-element elementor-element-a73ae40 elementor-widget elementor-widget-text-editor\" data-id=\"a73ae40\" data-element_type=\"widget\" data-widget_type=\"text-editor.default\">\n\t\t\t\t\t\t\t\t\t<div class=\"box-content\"><div class=\"available-list\"><ul><li>Everything about the <em>Plan Pro<\/em>.<\/li><li>Advanced digital transformation (automation and data analytics).<\/li><li>Creation and innovation of business models.<\/li><li>International positioning strategy.<\/li><\/ul><\/div><\/div>\t\t\t\t\t\t\t\t<\/div>\n\t\t\t\t<\/div>\n\t\t<div class=\"elementor-element elementor-element-62afdca e-con-full price-box active e-flex e-con e-child\" data-id=\"62afdca\" data-element_type=\"container\" data-settings=\"{&quot;background_background&quot;:&quot;classic&quot;}\">\n\t\t\t\t<div class=\"elementor-element elementor-element-d8d0d38 elementor-widget elementor-widget-menu-anchor\" data-id=\"d8d0d38\" data-element_type=\"widget\" data-widget_type=\"menu-anchor.default\">\n\t\t\t\t\t\t\t<div class=\"elementor-menu-anchor\" id=\"master\"><\/div>\n\t\t\t\t\t\t<\/div>\n\t\t\t\t<div class=\"elementor-element elementor-element-6f086f3 elementor-widget elementor-widget-heading\" data-id=\"6f086f3\" data-element_type=\"widget\" data-widget_type=\"heading.default\">\n\t\t\t\t\t<h3 class=\"elementor-heading-title elementor-size-default\">SHIFT Master<\/h3>\t\t\t\t<\/div>\n\t\t\t\t<div class=\"elementor-element elementor-element-5a3963f price-table elementor-widget elementor-widget-shortcode\" data-id=\"5a3963f\" data-element_type=\"widget\" data-widget_type=\"shortcode.default\">\n\t\t\t\t\t\t\t<div class=\"elementor-shortcode\"><p class=\"product woocommerce add_to_cart_inline\" style=\"border:4px solid #ccc; padding: 12px;\"><span class=\"woocommerce-Price-amount amount\"><bdi>2,400.00&nbsp;<span class=\"woocommerce-Price-currencySymbol\">MXN<\/span><\/bdi><\/span> <small class=\"woocommerce-price-suffix\">+ IVA<\/small><a href=\"https:\/\/creativashift.com\/en\/product\/shift-wave\/\" data-quantity=\"1\" class=\"cart-button icon-btn product_type_variable add_to_cart_button\" data-product_id=\"4631\" data-product_sku=\"\" aria-label=\"Select options for \u201cShift Wave\u201d\" rel=\"nofollow\" data-no-translation-aria-label=\"\"><i class=\"far fa-cart-plus\"><\/i><\/a><\/p><\/div>\n\t\t\t\t\t\t<\/div>\n\t\t\t\t<div class=\"elementor-element elementor-element-c5e4c02 elementor-widget elementor-widget-text-editor\" data-id=\"c5e4c02\" data-element_type=\"widget\" data-widget_type=\"text-editor.default\">\n\t\t\t\t\t\t\t\t\t<p>Ideal for companies looking to integrate social responsibility and sustainability into their brand.<\/p>\t\t\t\t\t\t\t\t<\/div>\n\t\t\t\t<div class=\"elementor-element elementor-element-249f10b elementor-widget elementor-widget-saorbutton\" data-id=\"249f10b\" data-element_type=\"widget\" data-widget_type=\"saorbutton.default\">\n\t\t\t\t<div class=\"elementor-widget-container\">\n\t\t\t\t\t<div class=\"btn-wrapper\"><a class=\"th-btn th_btn btn-mask th-btn-icon btn-fw th-radius th-icon\" href=\"https:\/\/creativashift.com\/en\/nuestra-oferta\/?add-to-cart=4631\">Start now<i class=\"fa-regular fa-arrow-right ms-2\"><\/i><\/a><\/div>\t\t\t\t<\/div>\n\t\t\t\t<\/div>\n\t\t\t\t<div class=\"elementor-element elementor-element-f22b202 elementor-widget elementor-widget-text-editor\" data-id=\"f22b202\" data-element_type=\"widget\" data-widget_type=\"text-editor.default\">\n\t\t\t\t\t\t\t\t\t<div class=\"box-content\"><div class=\"available-list\"><ul><li>Everything about the <em>Plan Max<\/em>.<\/li><li>Sustainability and corporate social responsibility strategies.<\/li><li>Green marketing campaigns.<\/li><li>Social and environmental impact report.<\/li><\/ul><\/div><\/div>\t\t\t\t\t\t\t\t<\/div>\n\t\t\t\t<\/div>\n\t\t<div class=\"elementor-element elementor-element-32fbac5 e-con-full price-box e-flex e-con e-child\" data-id=\"32fbac5\" data-element_type=\"container\">\n\t\t\t\t<div class=\"elementor-element elementor-element-96f55e7 elementor-widget elementor-widget-menu-anchor\" data-id=\"96f55e7\" data-element_type=\"widget\" data-widget_type=\"menu-anchor.default\">\n\t\t\t\t\t\t\t<div class=\"elementor-menu-anchor\" id=\"infinity\"><\/div>\n\t\t\t\t\t\t<\/div>\n\t\t\t\t<div class=\"elementor-element elementor-element-1f6e418 elementor-widget elementor-widget-heading\" data-id=\"1f6e418\" data-element_type=\"widget\" data-widget_type=\"heading.default\">\n\t\t\t\t\t<h3 class=\"elementor-heading-title elementor-size-default\">SHIFT Infinity<\/h3>\t\t\t\t<\/div>\n\t\t\t\t<div class=\"elementor-element elementor-element-4c770ca price-table elementor-widget elementor-widget-shortcode\" data-id=\"4c770ca\" data-element_type=\"widget\" data-widget_type=\"shortcode.default\">\n\t\t\t\t\t\t\t<div class=\"elementor-shortcode\"><p class=\"product woocommerce add_to_cart_inline\" style=\"border:4px solid #ccc; padding: 12px;\"><span class=\"woocommerce-Price-amount amount\"><bdi>4,350.00&nbsp;<span class=\"woocommerce-Price-currencySymbol\">MXN<\/span><\/bdi><\/span> <small class=\"woocommerce-price-suffix\">+ IVA<\/small><a href=\"https:\/\/creativashift.com\/en\/product\/shift-flow\/\" data-quantity=\"1\" class=\"cart-button icon-btn product_type_variable add_to_cart_button\" data-product_id=\"4632\" data-product_sku=\"\" aria-label=\"Select options for \u201cShift Flow\u201d\" rel=\"nofollow\" data-no-translation-aria-label=\"\"><i class=\"far fa-cart-plus\"><\/i><\/a><\/p><\/div>\n\t\t\t\t\t\t<\/div>\n\t\t\t\t<div class=\"elementor-element elementor-element-0810734 elementor-widget elementor-widget-text-editor\" data-id=\"0810734\" data-element_type=\"widget\" data-widget_type=\"text-editor.default\">\n\t\t\t\t\t\t\t\t\t<p>Ideal for companies looking to integrate social responsibility and sustainability into their brand.<\/p>\t\t\t\t\t\t\t\t<\/div>\n\t\t\t\t<div class=\"elementor-element elementor-element-6fe22a3 elementor-widget elementor-widget-saorbutton\" data-id=\"6fe22a3\" data-element_type=\"widget\" data-widget_type=\"saorbutton.default\">\n\t\t\t\t<div class=\"elementor-widget-container\">\n\t\t\t\t\t<div class=\"btn-wrapper\"><a class=\"th-btn th_btn btn-mask th-btn-icon th-btn btn-fw th-radius th-icon\" href=\"https:\/\/creativashift.com\/en\/nuestra-oferta\/?add-to-cart=4632\">Start now<i class=\"fa-regular fa-arrow-right ms-2\"><\/i><\/a><\/div>\t\t\t\t<\/div>\n\t\t\t\t<\/div>\n\t\t\t\t<div class=\"elementor-element elementor-element-0b4dec2 elementor-widget elementor-widget-text-editor\" data-id=\"0b4dec2\" data-element_type=\"widget\" data-widget_type=\"text-editor.default\">\n\t\t\t\t\t\t\t\t\t<div class=\"box-content\"><div class=\"available-list\"><p>All CREATIVASHIFT services:<\/p><ul><li>Digital Business Evolution<\/li><li>Estrategias de Impacto Sostenible:<\/li><li>Marketing 360\u00b0<\/li><li>Agile management<\/li><li>Innovation and Business Creation<\/li><li>Smart Payment Solutions<\/li><li>Cryptoasset Business Ecosystems<\/li><\/ul><ul><li>Personalized consulting with a dedicated team.<\/li><li>Weekly strategic meetings.<\/li><\/ul><\/div><\/div>\t\t\t\t\t\t\t\t<\/div>\n\t\t\t\t<\/div>\n\t\t\t\t\t<\/div>\n\t\t\t\t<\/div>\n\t\t\t\t<\/div>\n\t\t<div class=\"elementor-element elementor-element-2939380 e-con-full e-flex e-con e-parent\" data-id=\"2939380\" data-element_type=\"container\" data-settings=\"{&quot;background_background&quot;:&quot;classic&quot;}\">\n\t\t<div class=\"elementor-element elementor-element-886e5ec e-con-full e-flex e-con e-child\" data-id=\"886e5ec\" data-element_type=\"container\" data-settings=\"{&quot;background_background&quot;:&quot;classic&quot;}\">\n\t\t<div class=\"elementor-element elementor-element-4e24a3d e-con-full e-flex e-con e-child\" data-id=\"4e24a3d\" data-element_type=\"container\" data-settings=\"{&quot;background_background&quot;:&quot;classic&quot;}\">\n\t\t\t\t<div class=\"elementor-element elementor-element-4f88711 elementor-widget__width-inherit elementor-widget elementor-widget-saorsectiontitle\" data-id=\"4f88711\" data-element_type=\"widget\" data-widget_type=\"saorsectiontitle.default\">\n\t\t\t\t<div class=\"elementor-widget-container\">\n\t\t\t\t\t\t\t<div class=\"title-area text-left title-area text-center\">\r\n\t\t\t<span class=\"sub-title sub-title sub-title4 text-ani-style2\">customized solutions<span><\/span><\/span><p class=\"shadow-title\">PERSONALIZED<\/p><h2 class=\"sec-title sec-title text-ani-style3\">Solutions tailored to you<\/h2><p>Learn about our customized solutions that deliver tangible, scalable results.<\/p>\t\t<\/div>\r\n\r\n\t\t\t\t\t<\/div>\n\t\t\t\t<\/div>\n\t\t\t\t<\/div>\n\t\t<div class=\"elementor-element elementor-element-59d024b e-con-full e-flex e-con e-child\" data-id=\"59d024b\" data-element_type=\"container\" data-settings=\"{&quot;background_background&quot;:&quot;classic&quot;}\">\n\t\t\t\t<div class=\"elementor-element elementor-element-f1a7a5c elementor-widget elementor-widget-saorbutton\" data-id=\"f1a7a5c\" data-element_type=\"widget\" data-widget_type=\"saorbutton.default\">\n\t\t\t\t<div class=\"elementor-widget-container\">\n\t\t\t\t\t<div class=\"btn-wrapper\"><a class=\"th-btn th_btn btn-mask th-btn-icon th-btn ser-btn style5 th-icon\" href=\"https:\/\/creativashift.com\/en\/product\/shift-personalizado\/\">Custom plan<i class=\"fa-regular fa-arrow-right ms-2\"><\/i><\/a><\/div>\t\t\t\t<\/div>\n\t\t\t\t<\/div>\n\t\t\t\t<\/div>\n\t\t\t\t<\/div>\n\t\t\t\t<\/div>\n\t\t\t\t<\/div>","protected":false},"excerpt":{"rendered":"<p>Nuestras ofertas Tenemos un plan para t\u00ed SHIFT Start Ideal para negocios nuevos que necesitan iniciar su presencia digital. Inicia ahora Estrategia de marketing b\u00e1sica (redes sociales y branding inicial). Implementaci\u00f3n de pasarela de pago. Asesor\u00eda mensual de 1 hora. SHIFT Boost Ideal para empresas en etapa de crecimiento que buscan profesionalizar su marketing. Inicia&#8230;<\/p>","protected":false},"author":1,"featured_media":0,"parent":0,"menu_order":0,"comment_status":"closed","ping_status":"closed","template":"elementor_header_footer","meta":{"footnotes":""},"class_list":["post-4430","page","type-page","status-publish","hentry"],"_links":{"self":[{"href":"https:\/\/creativashift.com\/en\/wp-json\/wp\/v2\/pages\/4430","targetHints":{"allow":["GET"]}}],"collection":[{"href":"https:\/\/creativashift.com\/en\/wp-json\/wp\/v2\/pages"}],"about":[{"href":"https:\/\/creativashift.com\/en\/wp-json\/wp\/v2\/types\/page"}],"author":[{"embeddable":true,"href":"https:\/\/creativashift.com\/en\/wp-json\/wp\/v2\/users\/1"}],"replies":[{"embeddable":true,"href":"https:\/\/creativashift.com\/en\/wp-json\/wp\/v2\/comments?post=4430"}],"version-history":[{"count":55,"href":"https:\/\/creativashift.com\/en\/wp-json\/wp\/v2\/pages\/4430\/revisions"}],"predecessor-version":[{"id":4653,"href":"https:\/\/creativashift.com\/en\/wp-json\/wp\/v2\/pages\/4430\/revisions\/4653"}],"wp:attachment":[{"href":"https:\/\/creativashift.com\/en\/wp-json\/wp\/v2\/media?parent=4430"}],"curies":[{"name":"wp","href":"https:\/\/api.w.org\/{rel}","templated":true}]}}