{"id":4432,"date":"2025-08-12T13:20:52","date_gmt":"2025-08-12T19:20:52","guid":{"rendered":"https:\/\/creativashift.com\/?page_id=4432"},"modified":"2025-08-28T21:27:59","modified_gmt":"2025-08-29T03:27:59","slug":"servicios","status":"publish","type":"page","link":"https:\/\/creativashift.com\/en\/servicios\/","title":{"rendered":"Services"},"content":{"rendered":"<div data-elementor-type=\"wp-page\" data-elementor-id=\"4432\" class=\"elementor elementor-4432\">\n\t\t\t\t<div class=\"elementor-element elementor-element-98c8eaa e-con-full elementor-hidden-tablet elementor-hidden-mobile e-flex e-con e-parent\" data-id=\"98c8eaa\" data-element_type=\"container\" data-settings=\"{&quot;background_background&quot;:&quot;classic&quot;}\">\n\t\t<div class=\"elementor-element elementor-element-214ea47 e-flex e-con-boxed e-con e-child\" data-id=\"214ea47\" data-element_type=\"container\">\n\t\t\t\t\t<div class=\"e-con-inner\">\n\t\t\r\n\t\t<div class=\"elementor-element elementor-element-e1b5d8b elementor-widget__width-initial elementor-widget elementor-widget-saorsectiontitle\" data-id=\"e1b5d8b\" data-element_type=\"widget\" data-widget_type=\"saorsectiontitle.default\">\n\t\t\t\t<div class=\"elementor-widget-container\">\n\t\t\t\t\t\t\t<div class=\"title-area text-left title-area text-center\">\r\n\t\t\t<span class=\"sub-title sub-title sub-title4 text-ani-style2\">Our Services<span><\/span><\/span><p class=\"shadow-title\">Services<\/p><h2 class=\"sec-title sec-title text-ani-style3\">We are experts in promoting brands globally<\/h2>\t\t<\/div>\r\n\r\n\t\t\t\t\t<\/div>\n\t\t\t\t<\/div>\n\t\t\t\t\t<\/div>\n\t\t\t\t<\/div>\n\t\t<div class=\"elementor-element elementor-element-bd0686f e-flex e-con-boxed e-con e-child\" data-id=\"bd0686f\" data-element_type=\"container\">\n\t\t\t\t\t<div class=\"e-con-inner\">\n\t\t\t\t<div class=\"elementor-element elementor-element-c593cb3 elementor-widget elementor-widget-saorservice\" data-id=\"c593cb3\" data-element_type=\"widget\" data-widget_type=\"saorservice.default\">\n\t\t\t\t<div class=\"elementor-widget-container\">\n\t\t\t\t\t<div class=\"according-list-area\"><div class=\"according-list hover-item item-active\"><div class=\"accordion-item2\"><h3 class=\"box-title\">Digital Business Evolution<\/h3><\/div><div class=\"according-img\"><img decoding=\"async\" src=\"https:\/\/creativashift.com\/wp-content\/uploads\/2025\/08\/serv_1.jpg\" alt=\"serv_1\"  \/><p class=\"text\">We modernize processes and business models with technology and automation.<\/p><div class=\"sec-btn\"><a href=\"https:\/\/creativashift.com\/en\/servicios\/evolucion-digital-empresarial\/\" class=\"th-btn ser-btn th-icon\">Read more<i class=\"fa-regular fa-arrow-right ms-2\"><\/i> <\/a><\/div><\/div><\/div><div class=\"according-list hover-item item-active\"><div class=\"accordion-item2\"><h3 class=\"box-title\">Sustainable Impact Strategies<\/h3><\/div><div class=\"according-img\"><img decoding=\"async\" src=\"https:\/\/creativashift.com\/wp-content\/uploads\/2025\/08\/serv_2.jpg\" alt=\"serv_2\"  \/><p class=\"text\">We implement strategies that integrate positive social and environmental impact.<\/p><div class=\"sec-btn\"><a href=\"#\" class=\"th-btn ser-btn th-icon\">Read more<i class=\"fa-regular fa-arrow-right ms-2\"><\/i> <\/a><\/div><\/div><\/div><div class=\"according-list hover-item item-active\"><div class=\"accordion-item2\"><h3 class=\"box-title\">Marketing 360\u00b0<\/h3><\/div><div class=\"according-img\"><img decoding=\"async\" src=\"https:\/\/creativashift.com\/wp-content\/uploads\/2025\/08\/serv_3.jpg\" alt=\"serv_3\"  \/><p class=\"text\">We design effective plans to position and grow your brand. <\/p><div class=\"sec-btn\"><a href=\"#\" class=\"th-btn ser-btn th-icon\">Read more<i class=\"fa-regular fa-arrow-right ms-2\"><\/i> <\/a><\/div><\/div><\/div><div class=\"according-list hover-item item-active\"><div class=\"accordion-item2\"><h3 class=\"box-title\">Agile management<\/h3><\/div><div class=\"according-img\"><img decoding=\"async\" src=\"https:\/\/creativashift.com\/wp-content\/uploads\/2025\/08\/serv_4.jpg\" alt=\"serv_4\"  \/><p class=\"text\">We assist organizations in their internal adaptation and evolution processes.<\/p><div class=\"sec-btn\"><a href=\"#\" class=\"th-btn ser-btn th-icon\">Read more<i class=\"fa-regular fa-arrow-right ms-2\"><\/i> <\/a><\/div><\/div><\/div><div class=\"according-list hover-item item-active\"><div class=\"accordion-item2\"><h3 class=\"box-title\">Innovation and Business Creation <\/h3><\/div><div class=\"according-img\"><img decoding=\"async\" src=\"https:\/\/creativashift.com\/wp-content\/uploads\/2025\/08\/serv_5.jpg\" alt=\"serv_5\"  \/><p class=\"text\">We design disruptive models that open up new market opportunities.<\/p><div class=\"sec-btn\"><a href=\"#\" class=\"th-btn ser-btn th-icon\">Read more<i class=\"fa-regular fa-arrow-right ms-2\"><\/i> <\/a><\/div><\/div><\/div><div class=\"according-list hover-item item-active\"><div class=\"accordion-item2\"><h3 class=\"box-title\">Smart Payment Solutions<\/h3><\/div><div class=\"according-img\"><img decoding=\"async\" src=\"https:\/\/creativashift.com\/wp-content\/uploads\/2025\/08\/serv_6.jpg\" alt=\"serv_6\"  \/><p class=\"text\">We implement secure and efficient payment systems.<\/p><div class=\"sec-btn\"><a href=\"#\" class=\"th-btn ser-btn th-icon\">Read more<i class=\"fa-regular fa-arrow-right ms-2\"><\/i> <\/a><\/div><\/div><\/div><div class=\"according-list hover-item item-active\"><div class=\"accordion-item2\"><h3 class=\"box-title\">Cryptoasset Business Ecosystems<\/h3><\/div><div class=\"according-img\"><img decoding=\"async\" src=\"https:\/\/creativashift.com\/wp-content\/uploads\/2025\/08\/serv_7.jpg\" alt=\"serv_7\"  \/><p class=\"text\">We develop solutions to integrate into the cryptocurrency ecosystem.<\/p><div class=\"sec-btn\"><a href=\"https:\/\/creativashift.com\/en\/nuestra-oferta\/\" class=\"th-btn ser-btn th-icon\">Read more<i class=\"fa-regular fa-arrow-right ms-2\"><\/i> <\/a><\/div><\/div><\/div><\/div>\t\t\t\t<\/div>\n\t\t\t\t<\/div>\n\t\t\t\t\t<\/div>\n\t\t\t\t<\/div>\n\t\t\t\t<\/div>\n\t\t<div class=\"elementor-element elementor-element-c7b3c9c elementor-hidden-desktop e-flex e-con-boxed e-con e-parent\" data-id=\"c7b3c9c\" data-element_type=\"container\">\n\t\t\t\t\t<div class=\"e-con-inner\">\n\t\t<div class=\"elementor-element elementor-element-ef140a1 e-grid e-con-full e-con e-child\" data-id=\"ef140a1\" data-element_type=\"container\">\n\t\t<div class=\"elementor-element elementor-element-bd2d4e1 e-con-full e-flex e-con e-child\" data-id=\"bd2d4e1\" data-element_type=\"container\" data-settings=\"{&quot;background_background&quot;:&quot;classic&quot;}\">\n\t\t\t\t<div class=\"elementor-element elementor-element-829f1f8 elementor-widget elementor-widget-saorimage\" data-id=\"829f1f8\" data-element_type=\"widget\" data-widget_type=\"saorimage.default\">\n\t\t\t\t<div class=\"elementor-widget-container\">\n\t\t\t\t\t<div class=\"page-img global-img mb-50\"><img decoding=\"async\" src=\"https:\/\/creativashift.com\/wp-content\/uploads\/2025\/08\/serv_1.jpg\" alt=\"serv_1\"  \/><\/div>\t\t\t\t<\/div>\n\t\t\t\t<\/div>\n\t\t\t\t<div class=\"elementor-element elementor-element-8cd4e9b elementor-widget elementor-widget-heading\" data-id=\"8cd4e9b\" data-element_type=\"widget\" data-widget_type=\"heading.default\">\n\t\t\t\t\t<h3 class=\"elementor-heading-title elementor-size-default\"><a href=\"https:\/\/creativashift.com\/en\/servicios\/evolucion-digital-empresarial\/\">Digital Business Evolution<\/a><\/h3>\t\t\t\t<\/div>\n\t\t\t\t<div class=\"elementor-element elementor-element-31d9b73 elementor-widget elementor-widget-text-editor\" data-id=\"31d9b73\" data-element_type=\"widget\" data-widget_type=\"text-editor.default\">\n\t\t\t\t\t\t\t\t\t<p>We modernize processes and business models with technology and automation.<\/p>\t\t\t\t\t\t\t\t<\/div>\n\t\t\t\t<div class=\"elementor-element elementor-element-d89188a elementor-widget elementor-widget-saorbutton\" data-id=\"d89188a\" data-element_type=\"widget\" data-widget_type=\"saorbutton.default\">\n\t\t\t\t<div class=\"elementor-widget-container\">\n\t\t\t\t\t<div class=\"btn-wrapper\"><a class=\"th-btn th_btn btn-mask th-btn-icon\" href=\"https:\/\/creativashift.com\/en\/servicios\/evolucion-digital-empresarial\/\">Read more<i class=\"fa-regular fa-arrow-right\"><\/i><\/a><\/div>\t\t\t\t<\/div>\n\t\t\t\t<\/div>\n\t\t\t\t<\/div>\n\t\t<div class=\"elementor-element elementor-element-2f08d53 e-con-full e-flex e-con e-child\" data-id=\"2f08d53\" data-element_type=\"container\" data-settings=\"{&quot;background_background&quot;:&quot;classic&quot;}\">\n\t\t\t\t<div class=\"elementor-element elementor-element-2efad01 elementor-widget elementor-widget-saorimage\" data-id=\"2efad01\" data-element_type=\"widget\" data-widget_type=\"saorimage.default\">\n\t\t\t\t<div class=\"elementor-widget-container\">\n\t\t\t\t\t<div class=\"page-img global-img mb-50\"><img decoding=\"async\" src=\"https:\/\/creativashift.com\/wp-content\/uploads\/2025\/08\/serv_2.jpg\" alt=\"serv_2\"  \/><\/div>\t\t\t\t<\/div>\n\t\t\t\t<\/div>\n\t\t\t\t<div class=\"elementor-element elementor-element-db705c8 elementor-widget elementor-widget-heading\" data-id=\"db705c8\" data-element_type=\"widget\" data-widget_type=\"heading.default\">\n\t\t\t\t\t<h3 class=\"elementor-heading-title elementor-size-default\"><a href=\"https:\/\/creativashift.com\/en\/servicios\/estrategias-de-impacto-sostenible\/\">Sustainable Impact Strategies<\/a><\/h3>\t\t\t\t<\/div>\n\t\t\t\t<div class=\"elementor-element elementor-element-0daaacc elementor-widget elementor-widget-text-editor\" data-id=\"0daaacc\" data-element_type=\"widget\" data-widget_type=\"text-editor.default\">\n\t\t\t\t\t\t\t\t\t<p>We implement strategies that integrate positive social and environmental impact.<\/p>\t\t\t\t\t\t\t\t<\/div>\n\t\t\t\t<div class=\"elementor-element elementor-element-0fd347b elementor-widget elementor-widget-saorbutton\" data-id=\"0fd347b\" data-element_type=\"widget\" data-widget_type=\"saorbutton.default\">\n\t\t\t\t<div class=\"elementor-widget-container\">\n\t\t\t\t\t<div class=\"btn-wrapper\"><a class=\"th-btn th_btn btn-mask th-btn-icon\" href=\"https:\/\/creativashift.com\/en\/servicios\/estrategias-de-impacto-sostenible\/\">Read more<i class=\"fa-regular fa-arrow-right\"><\/i><\/a><\/div>\t\t\t\t<\/div>\n\t\t\t\t<\/div>\n\t\t\t\t<\/div>\n\t\t<div class=\"elementor-element elementor-element-b71ef38 e-con-full e-flex e-con e-child\" data-id=\"b71ef38\" data-element_type=\"container\" data-settings=\"{&quot;background_background&quot;:&quot;classic&quot;}\">\n\t\t\t\t<div class=\"elementor-element elementor-element-ae695bb elementor-widget elementor-widget-saorimage\" data-id=\"ae695bb\" data-element_type=\"widget\" data-widget_type=\"saorimage.default\">\n\t\t\t\t<div class=\"elementor-widget-container\">\n\t\t\t\t\t<div class=\"page-img global-img mb-50\"><img decoding=\"async\" src=\"https:\/\/creativashift.com\/wp-content\/uploads\/2025\/08\/serv_3.jpg\" alt=\"serv_3\"  \/><\/div>\t\t\t\t<\/div>\n\t\t\t\t<\/div>\n\t\t\t\t<div class=\"elementor-element elementor-element-01c086b elementor-widget elementor-widget-heading\" data-id=\"01c086b\" data-element_type=\"widget\" data-widget_type=\"heading.default\">\n\t\t\t\t\t<h3 class=\"elementor-heading-title elementor-size-default\"><a href=\"https:\/\/creativashift.com\/en\/servicios\/marketing-360\/\">Marketing 360\u00b0<\/a><\/h3>\t\t\t\t<\/div>\n\t\t\t\t<div class=\"elementor-element elementor-element-81224ad elementor-widget elementor-widget-text-editor\" data-id=\"81224ad\" data-element_type=\"widget\" data-widget_type=\"text-editor.default\">\n\t\t\t\t\t\t\t\t\t<p>We design effective plans to position and grow your brand.<\/p>\t\t\t\t\t\t\t\t<\/div>\n\t\t\t\t<div class=\"elementor-element elementor-element-9cf1683 elementor-widget elementor-widget-saorbutton\" data-id=\"9cf1683\" data-element_type=\"widget\" data-widget_type=\"saorbutton.default\">\n\t\t\t\t<div class=\"elementor-widget-container\">\n\t\t\t\t\t<div class=\"btn-wrapper\"><a class=\"th-btn th_btn btn-mask th-btn-icon\" href=\"https:\/\/creativashift.com\/en\/servicios\/marketing-360\/\">Read more<i class=\"fa-regular fa-arrow-right\"><\/i><\/a><\/div>\t\t\t\t<\/div>\n\t\t\t\t<\/div>\n\t\t\t\t<\/div>\n\t\t<div class=\"elementor-element elementor-element-09b8212 e-con-full e-flex e-con e-child\" data-id=\"09b8212\" data-element_type=\"container\" data-settings=\"{&quot;background_background&quot;:&quot;classic&quot;}\">\n\t\t\t\t<div class=\"elementor-element elementor-element-2197fec elementor-widget elementor-widget-saorimage\" data-id=\"2197fec\" data-element_type=\"widget\" data-widget_type=\"saorimage.default\">\n\t\t\t\t<div class=\"elementor-widget-container\">\n\t\t\t\t\t<div class=\"page-img global-img mb-50\"><img decoding=\"async\" src=\"https:\/\/creativashift.com\/wp-content\/uploads\/2025\/08\/serv_4.jpg\" alt=\"serv_4\"  \/><\/div>\t\t\t\t<\/div>\n\t\t\t\t<\/div>\n\t\t\t\t<div class=\"elementor-element elementor-element-2e1bc31 elementor-widget elementor-widget-heading\" data-id=\"2e1bc31\" data-element_type=\"widget\" data-widget_type=\"heading.default\">\n\t\t\t\t\t<h3 class=\"elementor-heading-title elementor-size-default\"><a href=\"https:\/\/creativashift.com\/en\/servicios\/gestion-agil\/\">Agile management<\/a><\/h3>\t\t\t\t<\/div>\n\t\t\t\t<div class=\"elementor-element elementor-element-5ee0cdb elementor-widget elementor-widget-text-editor\" data-id=\"5ee0cdb\" data-element_type=\"widget\" data-widget_type=\"text-editor.default\">\n\t\t\t\t\t\t\t\t\t<p>We assist organizations in their internal adaptation and evolution processes.<\/p>\t\t\t\t\t\t\t\t<\/div>\n\t\t\t\t<div class=\"elementor-element elementor-element-e81ce13 elementor-widget elementor-widget-saorbutton\" data-id=\"e81ce13\" data-element_type=\"widget\" data-widget_type=\"saorbutton.default\">\n\t\t\t\t<div class=\"elementor-widget-container\">\n\t\t\t\t\t<div class=\"btn-wrapper\"><a class=\"th-btn th_btn btn-mask th-btn-icon\" href=\"https:\/\/creativashift.com\/en\/servicios\/gestion-agil\/\">Read more<i class=\"fa-regular fa-arrow-right\"><\/i><\/a><\/div>\t\t\t\t<\/div>\n\t\t\t\t<\/div>\n\t\t\t\t<\/div>\n\t\t<div class=\"elementor-element elementor-element-7b7fb1b e-con-full e-flex e-con e-child\" data-id=\"7b7fb1b\" data-element_type=\"container\" data-settings=\"{&quot;background_background&quot;:&quot;classic&quot;}\">\n\t\t\t\t<div class=\"elementor-element elementor-element-c339b35 elementor-widget elementor-widget-saorimage\" data-id=\"c339b35\" data-element_type=\"widget\" data-widget_type=\"saorimage.default\">\n\t\t\t\t<div class=\"elementor-widget-container\">\n\t\t\t\t\t<div class=\"page-img global-img mb-50\"><img decoding=\"async\" src=\"https:\/\/creativashift.com\/wp-content\/uploads\/2025\/08\/serv_5.jpg\" alt=\"serv_5\"  \/><\/div>\t\t\t\t<\/div>\n\t\t\t\t<\/div>\n\t\t\t\t<div class=\"elementor-element elementor-element-dee9097 elementor-widget elementor-widget-heading\" data-id=\"dee9097\" data-element_type=\"widget\" data-widget_type=\"heading.default\">\n\t\t\t\t\t<h3 class=\"elementor-heading-title elementor-size-default\"><a href=\"https:\/\/creativashift.com\/en\/servicios\/gestion-agil-2\/\">Innovation and Business Creation<\/a><\/h3>\t\t\t\t<\/div>\n\t\t\t\t<div class=\"elementor-element elementor-element-736c982 elementor-widget elementor-widget-text-editor\" data-id=\"736c982\" data-element_type=\"widget\" data-widget_type=\"text-editor.default\">\n\t\t\t\t\t\t\t\t\t<p>We design disruptive models that open up new market opportunities.<\/p>\t\t\t\t\t\t\t\t<\/div>\n\t\t\t\t<div class=\"elementor-element elementor-element-8dd1fc4 elementor-widget elementor-widget-saorbutton\" data-id=\"8dd1fc4\" data-element_type=\"widget\" data-widget_type=\"saorbutton.default\">\n\t\t\t\t<div class=\"elementor-widget-container\">\n\t\t\t\t\t<div class=\"btn-wrapper\"><a class=\"th-btn th_btn btn-mask th-btn-icon\" href=\"https:\/\/creativashift.com\/en\/servicios\/gestion-agil-2\/\">Read more<i class=\"fa-regular fa-arrow-right\"><\/i><\/a><\/div>\t\t\t\t<\/div>\n\t\t\t\t<\/div>\n\t\t\t\t<\/div>\n\t\t<div class=\"elementor-element elementor-element-180066b e-con-full e-flex e-con e-child\" data-id=\"180066b\" data-element_type=\"container\" data-settings=\"{&quot;background_background&quot;:&quot;classic&quot;}\">\n\t\t\t\t<div class=\"elementor-element elementor-element-88f6226 elementor-widget elementor-widget-saorimage\" data-id=\"88f6226\" data-element_type=\"widget\" data-widget_type=\"saorimage.default\">\n\t\t\t\t<div class=\"elementor-widget-container\">\n\t\t\t\t\t<div class=\"page-img global-img mb-50\"><img decoding=\"async\" src=\"https:\/\/creativashift.com\/wp-content\/uploads\/2025\/08\/serv_6.jpg\" alt=\"serv_6\"  \/><\/div>\t\t\t\t<\/div>\n\t\t\t\t<\/div>\n\t\t\t\t<div class=\"elementor-element elementor-element-d74bad3 elementor-widget elementor-widget-heading\" data-id=\"d74bad3\" data-element_type=\"widget\" data-widget_type=\"heading.default\">\n\t\t\t\t\t<h3 class=\"elementor-heading-title elementor-size-default\"><a href=\"https:\/\/creativashift.com\/en\/servicios\/soluciones-inteligentes-de-pago\/\">Smart Payment Solutions<\/a><\/h3>\t\t\t\t<\/div>\n\t\t\t\t<div class=\"elementor-element elementor-element-e03734c elementor-widget elementor-widget-text-editor\" data-id=\"e03734c\" data-element_type=\"widget\" data-widget_type=\"text-editor.default\">\n\t\t\t\t\t\t\t\t\t<p>We implement secure and efficient payment systems.<\/p>\t\t\t\t\t\t\t\t<\/div>\n\t\t\t\t<div class=\"elementor-element elementor-element-79ffcc9 elementor-widget elementor-widget-saorbutton\" data-id=\"79ffcc9\" data-element_type=\"widget\" data-widget_type=\"saorbutton.default\">\n\t\t\t\t<div class=\"elementor-widget-container\">\n\t\t\t\t\t<div class=\"btn-wrapper\"><a class=\"th-btn th_btn btn-mask th-btn-icon\" href=\"https:\/\/creativashift.com\/en\/servicios\/soluciones-inteligentes-de-pago\/\">Read more<i class=\"fa-regular fa-arrow-right\"><\/i><\/a><\/div>\t\t\t\t<\/div>\n\t\t\t\t<\/div>\n\t\t\t\t<\/div>\n\t\t<div class=\"elementor-element elementor-element-378f1f6 e-con-full e-flex e-con e-child\" data-id=\"378f1f6\" data-element_type=\"container\" data-settings=\"{&quot;background_background&quot;:&quot;classic&quot;}\">\n\t\t\t\t<div class=\"elementor-element elementor-element-9578b76 elementor-widget elementor-widget-saorimage\" data-id=\"9578b76\" data-element_type=\"widget\" data-widget_type=\"saorimage.default\">\n\t\t\t\t<div class=\"elementor-widget-container\">\n\t\t\t\t\t<div class=\"page-img global-img mb-50\"><img decoding=\"async\" src=\"https:\/\/creativashift.com\/wp-content\/uploads\/2025\/08\/serv_7.jpg\" alt=\"serv_7\"  \/><\/div>\t\t\t\t<\/div>\n\t\t\t\t<\/div>\n\t\t\t\t<div class=\"elementor-element elementor-element-23825c8 elementor-widget elementor-widget-heading\" data-id=\"23825c8\" data-element_type=\"widget\" data-widget_type=\"heading.default\">\n\t\t\t\t\t<h3 class=\"elementor-heading-title elementor-size-default\"><a href=\"https:\/\/creativashift.com\/en\/servicios\/ecosistemas-de-negocio-en-criptoactivos\/\">Cryptoasset Business Ecosystems <\/a><\/h3>\t\t\t\t<\/div>\n\t\t\t\t<div class=\"elementor-element elementor-element-0d2db8f elementor-widget elementor-widget-text-editor\" data-id=\"0d2db8f\" data-element_type=\"widget\" data-widget_type=\"text-editor.default\">\n\t\t\t\t\t\t\t\t\t<p>We develop solutions to integrate into the cryptocurrency ecosystem.<\/p>\t\t\t\t\t\t\t\t<\/div>\n\t\t\t\t<div class=\"elementor-element elementor-element-cdaca1c elementor-widget elementor-widget-saorbutton\" data-id=\"cdaca1c\" data-element_type=\"widget\" data-widget_type=\"saorbutton.default\">\n\t\t\t\t<div class=\"elementor-widget-container\">\n\t\t\t\t\t<div class=\"btn-wrapper\"><a class=\"th-btn th_btn btn-mask th-btn-icon\" href=\"https:\/\/creativashift.com\/en\/servicios\/ecosistemas-de-negocio-en-criptoactivos\/\">Read more<i class=\"fa-regular fa-arrow-right\"><\/i><\/a><\/div>\t\t\t\t<\/div>\n\t\t\t\t<\/div>\n\t\t\t\t<\/div>\n\t\t\t\t<\/div>\n\t\t\t\t\t<\/div>\n\t\t\t\t<\/div>\n\t\t\t\t<\/div>","protected":false},"excerpt":{"rendered":"<p>Nuestros Servicios Servicios Somos expertos en impulsar marcas de manera global Evoluci\u00f3n Digital Empresarial Modernizamos procesos y modelos de negocio con tecnolog\u00eda y automatizaci\u00f3n. Leer m\u00e1s Estrategias de Impacto Sostenible Implementamos estrategias que integran impacto positivo social y ambiental. Leer m\u00e1s Marketing 360\u00b0 Dise\u00f1amos planes efectivos para posicionar y hacer crecer tu marca. Leer m\u00e1s&#8230;<\/p>","protected":false},"author":1,"featured_media":0,"parent":0,"menu_order":0,"comment_status":"closed","ping_status":"closed","template":"template-builder.php","meta":{"footnotes":""},"class_list":["post-4432","page","type-page","status-publish","hentry"],"_links":{"self":[{"href":"https:\/\/creativashift.com\/en\/wp-json\/wp\/v2\/pages\/4432","targetHints":{"allow":["GET"]}}],"collection":[{"href":"https:\/\/creativashift.com\/en\/wp-json\/wp\/v2\/pages"}],"about":[{"href":"https:\/\/creativashift.com\/en\/wp-json\/wp\/v2\/types\/page"}],"author":[{"embeddable":true,"href":"https:\/\/creativashift.com\/en\/wp-json\/wp\/v2\/users\/1"}],"replies":[{"embeddable":true,"href":"https:\/\/creativashift.com\/en\/wp-json\/wp\/v2\/comments?post=4432"}],"version-history":[{"count":46,"href":"https:\/\/creativashift.com\/en\/wp-json\/wp\/v2\/pages\/4432\/revisions"}],"predecessor-version":[{"id":4890,"href":"https:\/\/creativashift.com\/en\/wp-json\/wp\/v2\/pages\/4432\/revisions\/4890"}],"wp:attachment":[{"href":"https:\/\/creativashift.com\/en\/wp-json\/wp\/v2\/media?parent=4432"}],"curies":[{"name":"wp","href":"https:\/\/api.w.org\/{rel}","templated":true}]}}