{"id":4433,"date":"2025-08-12T13:21:40","date_gmt":"2025-08-12T19:21:40","guid":{"rendered":"https:\/\/creativashift.com\/?page_id=4433"},"modified":"2025-09-18T21:33:27","modified_gmt":"2025-09-19T03:33:27","slug":"evolucion-digital-empresarial","status":"publish","type":"page","link":"https:\/\/creativashift.com\/en\/servicios\/evolucion-digital-empresarial\/","title":{"rendered":"Digital Business Evolution"},"content":{"rendered":"<div data-elementor-type=\"wp-page\" data-elementor-id=\"4433\" class=\"elementor elementor-4433\">\n\t\t\t\t<div class=\"elementor-element elementor-element-e322b88 e-flex e-con-boxed e-con e-parent\" data-id=\"e322b88\" data-element_type=\"container\">\n\t\t\t\t\t<div class=\"e-con-inner\">\n\t\t<div class=\"elementor-element elementor-element-9c47278 e-con-full page-single e-flex e-con e-child\" data-id=\"9c47278\" data-element_type=\"container\">\n\t\t\r\n\t\t<div class=\"elementor-element elementor-element-265f951 elementor-widget elementor-widget-saorimage\" data-id=\"265f951\" data-element_type=\"widget\" data-widget_type=\"saorimage.default\">\n\t\t\t\t<div class=\"elementor-widget-container\">\n\t\t\t\t\t<div class=\"page-img global-img mb-50\"><img decoding=\"async\" src=\"https:\/\/wordpress.themeholy.com\/saor\/wp-content\/uploads\/2024\/12\/service_details.jpg\" alt=\"service_details\"  \/><\/div>\t\t\t\t<\/div>\n\t\t\t\t<\/div>\n\t\t\t\t<div class=\"elementor-element elementor-element-66b6890 elementor-widget elementor-widget-text-editor\" data-id=\"66b6890\" data-element_type=\"widget\" data-widget_type=\"text-editor.default\">\n\t\t\t\t\t\t\t\t\t<h2 class=\"h2 page-title mb-20\"><strong>Digital Business Evolution <\/strong><\/h2>\t\t\t\t\t\t\t\t<\/div>\n\t\t\t\t<div class=\"elementor-element elementor-element-4d9c98d elementor-widget elementor-widget-text-editor\" data-id=\"4d9c98d\" data-element_type=\"widget\" data-widget_type=\"text-editor.default\">\n\t\t\t\t\t\t\t\t\t<p>We design and implement strategies that modernize processes, optimize management, and improve the customer experience. From workflow automation to the adoption of artificial intelligence and big data, we prepare your company to compete in a global environment.<\/p>\t\t\t\t\t\t\t\t<\/div>\n\t\t<div class=\"elementor-element elementor-element-3e354a4 e-con-full e-flex e-con e-child\" data-id=\"3e354a4\" data-element_type=\"container\">\n\t\t<div class=\"elementor-element elementor-element-6c22b45 e-con-full e-flex e-con e-child\" data-id=\"6c22b45\" data-element_type=\"container\">\n\t\t<div class=\"elementor-element elementor-element-f85febb e-con-full page-img global-img e-flex e-con e-child\" data-id=\"f85febb\" data-element_type=\"container\">\n\t\t\t\t<div class=\"elementor-element elementor-element-cdcabf3 w-100 elementor-widget elementor-widget-image\" data-id=\"cdcabf3\" data-element_type=\"widget\" data-widget_type=\"image.default\">\n\t\t\t\t\t\t\t\t\t\t\t\t\t\t\t<img fetchpriority=\"high\" decoding=\"async\" width=\"282\" height=\"250\" src=\"https:\/\/creativashift.com\/wp-content\/uploads\/2025\/08\/serv1_b.jpg\" class=\"attachment-large size-large wp-image-4732\" alt=\"\" srcset=\"https:\/\/creativashift.com\/wp-content\/uploads\/2025\/08\/serv1_b.jpg 282w, https:\/\/creativashift.com\/wp-content\/uploads\/2025\/08\/serv1_b-14x12.jpg 14w\" sizes=\"(max-width: 282px) 100vw, 282px\" \/>\t\t\t\t\t\t\t\t\t\t\t\t\t\t\t<\/div>\n\t\t\t\t<\/div>\n\t\t\t\t<\/div>\n\t\t<div class=\"elementor-element elementor-element-77a0f35 e-con-full e-flex e-con e-child\" data-id=\"77a0f35\" data-element_type=\"container\">\n\t\t\t\t<div class=\"elementor-element elementor-element-2172624 elementor-widget elementor-widget-text-editor\" data-id=\"2172624\" data-element_type=\"widget\" data-widget_type=\"text-editor.default\">\n\t\t\t\t\t\t\t\t\t<h4 class=\"mb-20\">Benefits<\/h4>\t\t\t\t\t\t\t\t<\/div>\n\t\t\t\t<div class=\"elementor-element elementor-element-22bf3f2 elementor-widget elementor-widget-text-editor\" data-id=\"22bf3f2\" data-element_type=\"widget\" data-widget_type=\"text-editor.default\">\n\t\t\t\t\t\t\t\t\t<div class=\"checklist style4 mb-20\">\n<ul>\n \t<li><i class=\"fa-solid fa-shield-check\"><\/i>Increased operational efficiency.<\/li>\n \t<li><i class=\"fa-solid fa-shield-check\"><\/i>Cost reduction through automation.<\/li>\n \t<li><i class=\"fa-solid fa-shield-check\"><\/i>Rapid adaptation to the market.<\/li>\n \t<li><i class=\"fa-solid fa-shield-check\"><\/i>Improved customer experience.<\/li>\n \t<li><i class=\"fa-solid fa-shield-check\"><\/i>Access to real-time data.<\/li>\n<\/ul>\n<\/div>\t\t\t\t\t\t\t\t<\/div>\n\t\t\t\t<\/div>\n\t\t\t\t<\/div>\n\t\t\t\t<div class=\"elementor-element elementor-element-d69fde6 elementor-hidden-desktop elementor-hidden-tablet elementor-hidden-mobile elementor-widget elementor-widget-saorservice\" data-id=\"d69fde6\" data-element_type=\"widget\" data-widget_type=\"saorservice.default\">\n\t\t\t\t<div class=\"elementor-widget-container\">\n\t\t\t\t\t<div class=\"service-process-wrap\"><div class=\"service-process\"><div class=\"service-process_img\"><img decoding=\"async\" src=\"https:\/\/wordpress.themeholy.com\/saor\/wp-content\/uploads\/2024\/12\/process_2_1.svg\" alt=\"process_2_1\"  \/><\/div><div class=\"service-process_centent\"><h5 class=\"service-process_title\">Finding Problem<\/h5><p class=\"service-process_text\">These companies provide services for a digital agency.<\/p><\/div><\/div><div class=\"service-process\"><div class=\"service-process_img\"><img decoding=\"async\" src=\"https:\/\/wordpress.themeholy.com\/saor\/wp-content\/uploads\/2024\/12\/process_2_2.svg\" alt=\"process_2_2\"  \/><\/div><div class=\"service-process_centent\"><h5 class=\"service-process_title\">Scalable Solutions<\/h5><p class=\"service-process_text\">These companies provide services for a digital agency.<\/p><\/div><\/div><div class=\"service-process\"><div class=\"service-process_img\"><img decoding=\"async\" src=\"https:\/\/wordpress.themeholy.com\/saor\/wp-content\/uploads\/2024\/12\/process_2_3.svg\" alt=\"process_2_3\"  \/><\/div><div class=\"service-process_centent\"><h5 class=\"service-process_title\">24\/7 Online Support<\/h5><p class=\"service-process_text\">These companies provide services for a digital agency.<\/p><\/div><\/div><\/div>\t\t\t\t<\/div>\n\t\t\t\t<\/div>\n\t\t\t\t<div class=\"elementor-element elementor-element-0e6a8a2 elementor-widget elementor-widget-text-editor\" data-id=\"0e6a8a2\" data-element_type=\"widget\" data-widget_type=\"text-editor.default\">\n\t\t\t\t\t\t\t\t\t<p><span style=\"font-weight: 400;\">In <\/span><b>CreativaShift<\/b><span style=\"font-weight: 400;\"> we understand that every organization goes through different stages of growth and transformation. That's why we design <\/span><b>Digital Business Evolution<\/b><span style=\"font-weight: 400;\">, a comprehensive service that empowers businesses to adapt, innovate, and lead in the digital age.<\/span><\/p><p><span style=\"font-weight: 400;\">Our packages are designed as a <\/span><b>transformation journey<\/b><span style=\"font-weight: 400;\">, from the first steps to advanced strategies that consolidate success:<\/span><\/p><ul><li style=\"font-weight: 400;\" aria-level=\"1\"><span style=\"font-weight: 400;\">Starter resources, digital advice, and practical tools for entrepreneurs looking to take their first steps in digital.<\/span><\/li><li style=\"font-weight: 400;\" aria-level=\"1\"><span style=\"font-weight: 400;\">Intermediate solutions that combine 360\u00b0 marketing, agile management, and innovation to accelerate growth and professionalize processes.<\/span><\/li><li style=\"font-weight: 400;\" aria-level=\"1\"><span style=\"font-weight: 400;\">Advanced sustainability strategies, comprehensive digital campaigns, and organizational transformation for strong scale.<\/span><\/li><li style=\"font-weight: 400;\" aria-level=\"1\"><span style=\"font-weight: 400;\">Premium programs that integrate sustainable impact, high-level innovation, and comprehensive digital marketing, creating businesses prepared for the future.<\/span><\/li><\/ul><p><span style=\"font-weight: 400;\">Each plan is designed to help your business evolve <\/span><b>agile, sustainable and competitive<\/b><span style=\"font-weight: 400;\">, with expert support at every stage.<\/span><\/p>\t\t\t\t\t\t\t\t<\/div>\n\t\t\t\t<\/div>\n\t\t<div class=\"elementor-element elementor-element-bd6db1e e-con-full sidebar-area e-flex e-con e-child\" data-id=\"bd6db1e\" data-element_type=\"container\">\n\t\t\t\t<div class=\"elementor-element elementor-element-a5879e2 elementor-widget elementor-widget-saormenuselect\" data-id=\"a5879e2\" data-element_type=\"widget\" data-widget_type=\"saormenuselect.default\">\n\t\t\t\t<div class=\"elementor-widget-container\">\n\t\t\t\t\t<div class=\"widget widget_categories\"><h3 class=\"widget_title\">Services<\/h3><ul id=\"menu-service-sidebar-menu\" class=\"menu\"><li id=\"menu-item-4988\" class=\"menu-item menu-item-type-post_type menu-item-object-page menu-item-4988\"><a href=\"https:\/\/creativashift.com\/en\/servicios\/evolucion-digital-empresarial\/\">Digital Business Evolution<\/a><\/li>\n<li id=\"menu-item-4987\" class=\"menu-item menu-item-type-post_type menu-item-object-page menu-item-4987\"><a href=\"https:\/\/creativashift.com\/en\/servicios\/estrategias-de-impacto-sostenible\/\">Sustainable Impact Strategies<\/a><\/li>\n<li id=\"menu-item-4991\" class=\"menu-item menu-item-type-post_type menu-item-object-page menu-item-4991\"><a href=\"https:\/\/creativashift.com\/en\/servicios\/marketing-360\/\">Marketing 360\u00b0<\/a><\/li>\n<li id=\"menu-item-4989\" class=\"menu-item menu-item-type-post_type menu-item-object-page menu-item-4989\"><a href=\"https:\/\/creativashift.com\/en\/servicios\/gestion-agil\/\">Agile Management<\/a><\/li>\n<li id=\"menu-item-4990\" class=\"menu-item menu-item-type-post_type menu-item-object-page menu-item-4990\"><a href=\"https:\/\/creativashift.com\/en\/servicios\/innovacion-y-creacion-de-negocios\/\">Innovation and Business Creation<\/a><\/li>\n<\/ul><\/div>\t\t\t\t<\/div>\n\t\t\t\t<\/div>\n\t\t<div class=\"elementor-element elementor-element-966b5cf e-con-full e-flex e-con e-child\" data-id=\"966b5cf\" data-element_type=\"container\" data-settings=\"{&quot;background_background&quot;:&quot;classic&quot;}\">\n\t\t\t\t<div class=\"elementor-element elementor-element-2675c16 elementor-widget elementor-widget-heading\" data-id=\"2675c16\" data-element_type=\"widget\" data-widget_type=\"heading.default\">\n\t\t\t\t\t<p class=\"elementor-heading-title elementor-size-default\">Solutions tailored to you<\/p>\t\t\t\t<\/div>\n\t\t\t\t<div class=\"elementor-element elementor-element-48b04ff elementor-widget elementor-widget-heading\" data-id=\"48b04ff\" data-element_type=\"widget\" data-widget_type=\"heading.default\">\n\t\t\t\t\t<p class=\"elementor-heading-title elementor-size-default\">Learn about our customized solutions that deliver tangible, scalable results.<\/p>\t\t\t\t<\/div>\n\t\t<div class=\"elementor-element elementor-element-4bd2904 e-con-full e-flex e-con e-child\" data-id=\"4bd2904\" data-element_type=\"container\">\n\t\t\t\t<div class=\"elementor-element elementor-element-f012e9e elementor-widget elementor-widget-saorbutton\" data-id=\"f012e9e\" data-element_type=\"widget\" data-widget_type=\"saorbutton.default\">\n\t\t\t\t<div class=\"elementor-widget-container\">\n\t\t\t\t\t<div class=\"btn-wrapper\"><a class=\"th-btn th_btn btn-mask th-btn-icon\" href=\"https:\/\/creativashift.com\/en\/#oferta\">Our Offer<\/a><\/div>\t\t\t\t<\/div>\n\t\t\t\t<\/div>\n\t\t\t\t<div class=\"elementor-element elementor-element-2df5bb2 elementor-widget elementor-widget-saorbutton\" data-id=\"2df5bb2\" data-element_type=\"widget\" data-widget_type=\"saorbutton.default\">\n\t\t\t\t<div class=\"elementor-widget-container\">\n\t\t\t\t\t<div class=\"btn-wrapper\"><a class=\"th-btn th_btn style2 th-btn-icon\" href=\"https:\/\/creativashift.com\/en\/product\/shift-personalizado\/\">Custom plan<\/a><\/div>\t\t\t\t<\/div>\n\t\t\t\t<\/div>\n\t\t\t\t<\/div>\n\t\t\t\t<\/div>\n\t\t\t\t<\/div>\n\t\t\t\t\t<\/div>\n\t\t\t\t<\/div>\n\t\t\t\t<\/div>","protected":false},"excerpt":{"rendered":"<p>Evoluci\u00f3n Digital Empresarial Dise\u00f1amos e implementamos estrategias que modernizan procesos, optimizan la gesti\u00f3n y mejoran la experiencia del cliente. Desde la automatizaci\u00f3n de flujos de trabajo hasta la adopci\u00f3n de inteligencia artificial y big data, preparamos a tu empresa para competir en un entorno global. Beneficios Aumento de eficiencia operativa. Reducci\u00f3n de costos mediante automatizaci\u00f3n&#8230;.<\/p>","protected":false},"author":1,"featured_media":0,"parent":4432,"menu_order":0,"comment_status":"closed","ping_status":"closed","template":"elementor_header_footer","meta":{"footnotes":""},"class_list":["post-4433","page","type-page","status-publish","hentry"],"_links":{"self":[{"href":"https:\/\/creativashift.com\/en\/wp-json\/wp\/v2\/pages\/4433","targetHints":{"allow":["GET"]}}],"collection":[{"href":"https:\/\/creativashift.com\/en\/wp-json\/wp\/v2\/pages"}],"about":[{"href":"https:\/\/creativashift.com\/en\/wp-json\/wp\/v2\/types\/page"}],"author":[{"embeddable":true,"href":"https:\/\/creativashift.com\/en\/wp-json\/wp\/v2\/users\/1"}],"replies":[{"embeddable":true,"href":"https:\/\/creativashift.com\/en\/wp-json\/wp\/v2\/comments?post=4433"}],"version-history":[{"count":13,"href":"https:\/\/creativashift.com\/en\/wp-json\/wp\/v2\/pages\/4433\/revisions"}],"predecessor-version":[{"id":5091,"href":"https:\/\/creativashift.com\/en\/wp-json\/wp\/v2\/pages\/4433\/revisions\/5091"}],"up":[{"embeddable":true,"href":"https:\/\/creativashift.com\/en\/wp-json\/wp\/v2\/pages\/4432"}],"wp:attachment":[{"href":"https:\/\/creativashift.com\/en\/wp-json\/wp\/v2\/media?parent=4433"}],"curies":[{"name":"wp","href":"https:\/\/api.w.org\/{rel}","templated":true}]}}