{"id":4436,"date":"2025-08-12T13:24:35","date_gmt":"2025-08-12T19:24:35","guid":{"rendered":"https:\/\/creativashift.com\/?page_id=4436"},"modified":"2025-09-18T20:22:56","modified_gmt":"2025-09-19T02:22:56","slug":"atencion-a-clientes","status":"publish","type":"page","link":"https:\/\/creativashift.com\/en\/atencion-a-clientes\/","title":{"rendered":"Customer Service"},"content":{"rendered":"<div data-elementor-type=\"wp-page\" data-elementor-id=\"4436\" class=\"elementor elementor-4436\">\n\t\t\t\t<div class=\"elementor-element elementor-element-99e8406 e-flex e-con-boxed e-con e-parent\" data-id=\"99e8406\" data-element_type=\"container\">\n\t\t\t\t\t<div class=\"e-con-inner\">\n\t\t\r\n\t\t<div class=\"elementor-element elementor-element-51e004c elementor-widget__width-inherit elementor-widget elementor-widget-saorsectiontitle\" data-id=\"51e004c\" data-element_type=\"widget\" data-widget_type=\"saorsectiontitle.default\">\n\t\t\t\t<div class=\"elementor-widget-container\">\n\t\t\t\t\t\t\t<div class=\"title-area text-left title-area text-center\">\r\n\t\t\t<span class=\"sub-title sub-title sub-title4 text-ani-style2\"><small>Let's take the next step together<\/p><span><\/span><\/span><h2 class=\"sec-title sec-title text-ani-style3\">Turn your vision into real results<\/h2>\t\t<\/div>\r\n\r\n\t\t\t\t\t<\/div>\n\t\t\t\t<\/div>\n\t\t\t\t<div class=\"elementor-element elementor-element-5f6f99e elementor-widget elementor-widget-saorcontactinfo\" data-id=\"5f6f99e\" data-element_type=\"widget\" data-widget_type=\"saorcontactinfo.default\">\n\t\t\t\t<div class=\"elementor-widget-container\">\n\t\t\t\t\t<div class=\"row gy-4\"><div class=\"col-xl-4 col-md-6\"><div class=\"contact-media\"><div class=\"icon-btn\"><i class=\"fa-sharp fa-light fa-location-dot\"><\/i><\/div><div class=\"media-body\"><h5 class=\"box-title\">Location<\/h5><p class=\"box-text\">Insurgentes sur 933, int 102,  N\u00e1poles, Benito Ju\u00e1rez, CDMX<\/p><\/div><\/div><\/div><div class=\"col-xl-4 col-md-6\"><div class=\"contact-media\"><div class=\"icon-btn\"><i class=\"fa-sharp fa-light fa-phone\"><\/i><\/div><div class=\"media-body\"><h5 class=\"box-title\">Phone<\/h5><p class=\"box-text\"> <a href=\"tel:+5215516683700\">Tel: +52 1 55 1668 3700<\/a><\/p><\/div><\/div><\/div><div class=\"col-xl-4 col-md-6\"><div class=\"contact-media\"><div class=\"icon-btn\"><i class=\"fa-light fa-envelope\"><\/i><\/div><div class=\"media-body\"><h5 class=\"box-title\">Attention mail<\/h5><p class=\"box-text\"><a href=\"mailto:atencion@creativashift.com\">atencion@creativashift.com<\/a><\/p><\/div><\/div><\/div><\/div>\t\t\t\t<\/div>\n\t\t\t\t<\/div>\n\t\t\t\t\t<\/div>\n\t\t\t\t<\/div>\n\t\t<div class=\"elementor-element elementor-element-5d1f111 e-flex e-con-boxed e-con e-parent\" data-id=\"5d1f111\" data-element_type=\"container\">\n\t\t\t\t\t<div class=\"e-con-inner\">\n\t\t\t\t<div class=\"elementor-element elementor-element-6216696 elementor-widget elementor-widget-saorcontactform\" data-id=\"6216696\" data-element_type=\"widget\" data-widget_type=\"saorcontactform.default\">\n\t\t\t\t<div class=\"elementor-widget-container\">\n\t\t\t\t\t<div class=\"search-contact text-center\">\n<div class=\"wpcf7 no-js\" id=\"wpcf7-f3628-o1\" lang=\"en-US\" dir=\"ltr\" data-wpcf7-id=\"3628\">\n<div class=\"screen-reader-response\"><p role=\"status\" aria-live=\"polite\" aria-atomic=\"true\"><\/p> <ul><\/ul><\/div>\n<form action=\"\/en\/wp-json\/wp\/v2\/pages\/4436#wpcf7-f3628-o1\" method=\"post\" class=\"wpcf7-form init\" aria-label=\"Contact form\" novalidate=\"novalidate\" data-status=\"init\" data-trp-original-action=\"\/en\/wp-json\/wp\/v2\/pages\/4436#wpcf7-f3628-o1\">\n<fieldset class=\"hidden-fields-container\"><input type=\"hidden\" name=\"_wpcf7\" value=\"3628\" \/><input type=\"hidden\" name=\"_wpcf7_version\" value=\"6.1.1\" \/><input type=\"hidden\" name=\"_wpcf7_locale\" value=\"en_US\" \/><input type=\"hidden\" name=\"_wpcf7_unit_tag\" value=\"wpcf7-f3628-o1\" \/><input type=\"hidden\" name=\"_wpcf7_container_post\" value=\"0\" \/><input type=\"hidden\" name=\"_wpcf7_posted_data_hash\" value=\"\" \/><input type=\"hidden\" name=\"_wpcf7_recaptcha_response\" value=\"\" \/>\n<\/fieldset>\n<div class=\"contact-form style2 ajax-contact\">\n                            <h3 class=\"text-center mb-30\">Contact us<\/h3>\n                            <div class=\"row\">\n                                <div class=\"col-md-6 form-group\">\n                                    <span class=\"wpcf7-form-control-wrap\" data-name=\"text-886\"><input size=\"40\" maxlength=\"400\" class=\"wpcf7-form-control wpcf7-text form-control\" aria-invalid=\"false\" placeholder=\"Name*\" value=\"\" type=\"text\" name=\"text-886\" \/><\/span>\n                                    <i class=\"far fa-user\"><\/i>\n                                <\/div>\n                                <div class=\"col-md-6 form-group\">\n                                    <span class=\"wpcf7-form-control-wrap\" data-name=\"email-922\"><input size=\"40\" maxlength=\"400\" class=\"wpcf7-form-control wpcf7-email wpcf7-text wpcf7-validates-as-email form-control\" aria-invalid=\"false\" placeholder=\"Email*\" value=\"\" type=\"email\" name=\"email-922\" \/><\/span>\n                                    <i class=\"far fa-envelope\"><\/i>\n                                <\/div>\n                                <div class=\"col-md-6 form-group\">\n                                    <span class=\"wpcf7-form-control-wrap\" data-name=\"tel-37\"><input size=\"40\" maxlength=\"400\" class=\"wpcf7-form-control wpcf7-tel wpcf7-text wpcf7-validates-as-tel form-control\" aria-invalid=\"false\" placeholder=\"Phone*\" value=\"\" type=\"tel\" name=\"tel-37\" \/><\/span>\n                                    <i class=\"fal fa-phone\"><\/i>\n                                <\/div>\n                                <div class=\"form-group col-md-6\">\n                                    <span class=\"wpcf7-form-control-wrap\" data-name=\"menu-112\"><select class=\"wpcf7-form-control wpcf7-select wpcf7-validates-as-required form-select\" aria-required=\"true\" aria-invalid=\"false\" name=\"menu-112\"><option value=\"Selecciona un serivicio*\">Selecciona un serivicio*<\/option><option value=\"Evoluci\u00f3n Digital Empresarial\">Digital Business Evolution<\/option><option value=\"Estrategias de Impacto Sostenible\">Sustainable Impact Strategies<\/option><option value=\"Marketing 360\u00b0\">Marketing 360\u00b0<\/option><option value=\"Gesti\u00f3n \u00e1gil\">Agile management<\/option><option value=\"Innovaci\u00f3n y Creaci\u00f3n de Negocios\">Innovation and Business Creation<\/option><\/select><\/span>\n                                <\/div>\n                                <div class=\"form-group col-12\">\n                                    <span class=\"wpcf7-form-control-wrap\" data-name=\"textarea-411\"><textarea cols=\"40\" rows=\"10\" maxlength=\"2000\" class=\"wpcf7-form-control wpcf7-textarea form-control\" aria-invalid=\"false\" placeholder=\"Message*\" name=\"textarea-411\"><\/textarea><\/span>\n                                    <i class=\"fal fa-pencil\"><\/i>\n                                <\/div>\n                                <div class=\"col-12 form-group mb-0 text-center\">\n                                    <center><span class=\"wpcf7-form-control-wrap recaptcha\" data-name=\"recaptcha\"><span data-sitekey=\"6LeIVGEqAAAAAK_zZHyqkChCch6JfgHdiiMKb4TU\" class=\"wpcf7-form-control wpcf7-recaptcha g-recaptcha\"><\/span>\r\n<noscript>\r\n\t<div class=\"grecaptcha-noscript\">\r\n\t\t<iframe src=\"https:\/\/www.google.com\/recaptcha\/api\/fallback?k=6LeIVGEqAAAAAK_zZHyqkChCch6JfgHdiiMKb4TU\" frameborder=\"0\" scrolling=\"no\" width=\"310\" height=\"430\">\r\n\t\t<\/iframe>\r\n\t\t<textarea name=\"g-recaptcha-response\" rows=\"3\" cols=\"40\" placeholder=\"reCaptcha Response Here\">\r\n\t\t<\/textarea>\r\n\t<\/div>\r\n<\/noscript>\r\n<\/span><\/center>\n                                    <button class=\"th-btn mt-3 th-radius\">Send<\/button>\n                                    \n                                <\/div>\n                            <\/div>\n                            <p class=\"form-messages mb-0 mt-3\"><\/p>\n                        <\/div><div class=\"wpcf7-response-output\" aria-hidden=\"true\"><\/div>\n<input type=\"hidden\" name=\"trp-form-language\" value=\"en\"\/><\/form>\n<\/div>\n<\/div>\t\t\t\t<\/div>\n\t\t\t\t<\/div>\n\t\t\t\t\t<\/div>\n\t\t\t\t<\/div>\n\t\t\t\t<\/div>","protected":false},"excerpt":{"rendered":"<p>Demos el siguiente paso juntos Convierte tu visi\u00f3n en resultados reales Ubicaci\u00f3n Insurgentes sur 933, int 102, N\u00e1poles, Benito Ju\u00e1rez, CDMX Tel\u00e9fono Tel: +52 1 55 1668 3700 Correo de atenci\u00f3n atencion@creativashift.com Cont\u00e1ctanos Selecciona un serivicio*Web DevelopmentDigital MarketingSEO Marketing Enviar<\/p>","protected":false},"author":1,"featured_media":0,"parent":0,"menu_order":0,"comment_status":"closed","ping_status":"closed","template":"template-builder.php","meta":{"footnotes":""},"class_list":["post-4436","page","type-page","status-publish","hentry"],"_links":{"self":[{"href":"https:\/\/creativashift.com\/en\/wp-json\/wp\/v2\/pages\/4436","targetHints":{"allow":["GET"]}}],"collection":[{"href":"https:\/\/creativashift.com\/en\/wp-json\/wp\/v2\/pages"}],"about":[{"href":"https:\/\/creativashift.com\/en\/wp-json\/wp\/v2\/types\/page"}],"author":[{"embeddable":true,"href":"https:\/\/creativashift.com\/en\/wp-json\/wp\/v2\/users\/1"}],"replies":[{"embeddable":true,"href":"https:\/\/creativashift.com\/en\/wp-json\/wp\/v2\/comments?post=4436"}],"version-history":[{"count":19,"href":"https:\/\/creativashift.com\/en\/wp-json\/wp\/v2\/pages\/4436\/revisions"}],"predecessor-version":[{"id":5088,"href":"https:\/\/creativashift.com\/en\/wp-json\/wp\/v2\/pages\/4436\/revisions\/5088"}],"wp:attachment":[{"href":"https:\/\/creativashift.com\/en\/wp-json\/wp\/v2\/media?parent=4436"}],"curies":[{"name":"wp","href":"https:\/\/api.w.org\/{rel}","templated":true}]}}