{"id":4509,"date":"2025-08-12T17:41:34","date_gmt":"2025-08-12T23:41:34","guid":{"rendered":"https:\/\/creativashift.com\/?page_id=4509"},"modified":"2025-08-30T00:52:37","modified_gmt":"2025-08-30T06:52:37","slug":"estrategias-de-impacto-sostenible","status":"publish","type":"page","link":"https:\/\/creativashift.com\/en\/servicios\/estrategias-de-impacto-sostenible\/","title":{"rendered":"Sustainable Impact Strategies"},"content":{"rendered":"<div data-elementor-type=\"wp-page\" data-elementor-id=\"4509\" class=\"elementor elementor-4509\">\n\t\t\t\t<div class=\"elementor-element elementor-element-e322b88 e-flex e-con-boxed e-con e-parent\" data-id=\"e322b88\" data-element_type=\"container\">\n\t\t\t\t\t<div class=\"e-con-inner\">\n\t\t<div class=\"elementor-element elementor-element-9c47278 e-con-full page-single e-flex e-con e-child\" data-id=\"9c47278\" data-element_type=\"container\">\n\t\t\r\n\t\t<div class=\"elementor-element elementor-element-265f951 elementor-widget elementor-widget-saorimage\" data-id=\"265f951\" data-element_type=\"widget\" data-widget_type=\"saorimage.default\">\n\t\t\t\t<div class=\"elementor-widget-container\">\n\t\t\t\t\t<div class=\"page-img global-img mb-50\"><img decoding=\"async\" src=\"https:\/\/creativashift.com\/wp-content\/uploads\/2025\/08\/serv2_a.jpg\" alt=\"serv2_a\"  \/><\/div>\t\t\t\t<\/div>\n\t\t\t\t<\/div>\n\t\t\t\t<div class=\"elementor-element elementor-element-66b6890 elementor-widget elementor-widget-text-editor\" data-id=\"66b6890\" data-element_type=\"widget\" data-widget_type=\"text-editor.default\">\n\t\t\t\t\t\t\t\t\t<h2 class=\"h2 page-title mb-20\"><strong>Sustainable Impact Strategies <\/strong><\/h2>\t\t\t\t\t\t\t\t<\/div>\n\t\t\t\t<div class=\"elementor-element elementor-element-4d9c98d elementor-widget elementor-widget-text-editor\" data-id=\"4d9c98d\" data-element_type=\"widget\" data-widget_type=\"text-editor.default\">\n\t\t\t\t\t\t\t\t\t<p>We integrate sustainable and socially responsible practices into your business, improving your brand's reputation and positive impact. We implement social responsibility, circular economy, and environmental impact reporting programs.<\/p>\t\t\t\t\t\t\t\t<\/div>\n\t\t<div class=\"elementor-element elementor-element-3e354a4 e-con-full e-flex e-con e-child\" data-id=\"3e354a4\" data-element_type=\"container\">\n\t\t<div class=\"elementor-element elementor-element-6c22b45 e-con-full e-flex e-con e-child\" data-id=\"6c22b45\" data-element_type=\"container\">\n\t\t<div class=\"elementor-element elementor-element-ffeceab e-con-full page-img global-img e-flex e-con e-child\" data-id=\"ffeceab\" data-element_type=\"container\">\n\t\t\t\t<div class=\"elementor-element elementor-element-22dcb6e elementor-widget elementor-widget-image\" data-id=\"22dcb6e\" data-element_type=\"widget\" data-widget_type=\"image.default\">\n\t\t\t\t\t\t\t\t\t\t\t\t\t\t\t<img fetchpriority=\"high\" decoding=\"async\" width=\"282\" height=\"250\" src=\"https:\/\/creativashift.com\/wp-content\/uploads\/2025\/08\/serv2_b.jpg\" class=\"attachment-large size-large wp-image-4734\" alt=\"\" srcset=\"https:\/\/creativashift.com\/wp-content\/uploads\/2025\/08\/serv2_b.jpg 282w, https:\/\/creativashift.com\/wp-content\/uploads\/2025\/08\/serv2_b-14x12.jpg 14w\" sizes=\"(max-width: 282px) 100vw, 282px\" \/>\t\t\t\t\t\t\t\t\t\t\t\t\t\t\t<\/div>\n\t\t\t\t<\/div>\n\t\t\t\t<\/div>\n\t\t<div class=\"elementor-element elementor-element-77a0f35 e-con-full e-flex e-con e-child\" data-id=\"77a0f35\" data-element_type=\"container\">\n\t\t\t\t<div class=\"elementor-element elementor-element-2172624 elementor-widget elementor-widget-text-editor\" data-id=\"2172624\" data-element_type=\"widget\" data-widget_type=\"text-editor.default\">\n\t\t\t\t\t\t\t\t\t<h4 class=\"mb-20\">Benefits<\/h4>\t\t\t\t\t\t\t\t<\/div>\n\t\t\t\t<div class=\"elementor-element elementor-element-22bf3f2 elementor-widget elementor-widget-text-editor\" data-id=\"22bf3f2\" data-element_type=\"widget\" data-widget_type=\"text-editor.default\">\n\t\t\t\t\t\t\t\t\t<div class=\"checklist style4 mb-20\">\n<ul>\n \t<li><i class=\"fa-solid fa-shield-check\"><\/i>Strengthened brand image.<\/li>\n \t<li><i class=\"fa-solid fa-shield-check\"><\/i> Compliance with regulations.<\/li>\n \t<li><i class=\"fa-solid fa-shield-check\"><\/i> Conscious customer loyalty.<\/li>\n \t<li><i class=\"fa-solid fa-shield-check\"><\/i>Real contribution to the community.<\/li>\n \t<li><i class=\"fa-solid fa-shield-check\"><\/i>Reducing carbon footprint.<\/li>\n<\/ul>\n<\/div>\t\t\t\t\t\t\t\t<\/div>\n\t\t\t\t<\/div>\n\t\t\t\t<\/div>\n\t\t\t\t<div class=\"elementor-element elementor-element-d69fde6 elementor-hidden-desktop elementor-hidden-tablet elementor-hidden-mobile elementor-widget elementor-widget-saorservice\" data-id=\"d69fde6\" data-element_type=\"widget\" data-widget_type=\"saorservice.default\">\n\t\t\t\t<div class=\"elementor-widget-container\">\n\t\t\t\t\t<div class=\"service-process-wrap\"><div class=\"service-process\"><div class=\"service-process_img\"><img decoding=\"async\" src=\"https:\/\/wordpress.themeholy.com\/saor\/wp-content\/uploads\/2024\/12\/process_2_1.svg\" alt=\"process_2_1\"  \/><\/div><div class=\"service-process_centent\"><h5 class=\"service-process_title\">Finding Problem<\/h5><p class=\"service-process_text\">These companies provide services for a digital agency.<\/p><\/div><\/div><div class=\"service-process\"><div class=\"service-process_img\"><img decoding=\"async\" src=\"https:\/\/wordpress.themeholy.com\/saor\/wp-content\/uploads\/2024\/12\/process_2_2.svg\" alt=\"process_2_2\"  \/><\/div><div class=\"service-process_centent\"><h5 class=\"service-process_title\">Scalable Solutions<\/h5><p class=\"service-process_text\">These companies provide services for a digital agency.<\/p><\/div><\/div><div class=\"service-process\"><div class=\"service-process_img\"><img decoding=\"async\" src=\"https:\/\/wordpress.themeholy.com\/saor\/wp-content\/uploads\/2024\/12\/process_2_3.svg\" alt=\"process_2_3\"  \/><\/div><div class=\"service-process_centent\"><h5 class=\"service-process_title\">24\/7 Online Support<\/h5><p class=\"service-process_text\">These companies provide services for a digital agency.<\/p><\/div><\/div><\/div>\t\t\t\t<\/div>\n\t\t\t\t<\/div>\n\t\t\t\t<\/div>\n\t\t<div class=\"elementor-element elementor-element-bd6db1e e-con-full sidebar-area e-flex e-con e-child\" data-id=\"bd6db1e\" data-element_type=\"container\">\n\t\t\t\t<div class=\"elementor-element elementor-element-a5879e2 elementor-widget elementor-widget-saormenuselect\" data-id=\"a5879e2\" data-element_type=\"widget\" data-widget_type=\"saormenuselect.default\">\n\t\t\t\t<div class=\"elementor-widget-container\">\n\t\t\t\t\t<div class=\"widget widget_categories\"><h3 class=\"widget_title\">Services<\/h3><ul id=\"menu-service-sidebar-menu\" class=\"menu\"><li id=\"menu-item-4988\" class=\"menu-item menu-item-type-post_type menu-item-object-page menu-item-4988\"><a href=\"https:\/\/creativashift.com\/en\/servicios\/evolucion-digital-empresarial\/\">Digital Business Evolution<\/a><\/li>\n<li id=\"menu-item-4987\" class=\"menu-item menu-item-type-post_type menu-item-object-page menu-item-4987\"><a href=\"https:\/\/creativashift.com\/en\/servicios\/estrategias-de-impacto-sostenible\/\">Sustainable Impact Strategies<\/a><\/li>\n<li id=\"menu-item-4991\" class=\"menu-item menu-item-type-post_type menu-item-object-page menu-item-4991\"><a href=\"https:\/\/creativashift.com\/en\/servicios\/marketing-360\/\">Marketing 360\u00b0<\/a><\/li>\n<li id=\"menu-item-4989\" class=\"menu-item menu-item-type-post_type menu-item-object-page menu-item-4989\"><a href=\"https:\/\/creativashift.com\/en\/servicios\/gestion-agil\/\">Agile Management<\/a><\/li>\n<li id=\"menu-item-4990\" class=\"menu-item menu-item-type-post_type menu-item-object-page menu-item-4990\"><a href=\"https:\/\/creativashift.com\/en\/servicios\/innovacion-y-creacion-de-negocios\/\">Innovation and Business Creation<\/a><\/li>\n<\/ul><\/div>\t\t\t\t<\/div>\n\t\t\t\t<\/div>\n\t\t<div class=\"elementor-element elementor-element-cd65d75 e-con-full e-flex e-con e-child\" data-id=\"cd65d75\" data-element_type=\"container\" data-settings=\"{&quot;background_background&quot;:&quot;classic&quot;}\">\n\t\t\t\t<div class=\"elementor-element elementor-element-6f739c6 elementor-widget elementor-widget-heading\" data-id=\"6f739c6\" data-element_type=\"widget\" data-widget_type=\"heading.default\">\n\t\t\t\t\t<p class=\"elementor-heading-title elementor-size-default\">Solutions tailored to you<\/p>\t\t\t\t<\/div>\n\t\t\t\t<div class=\"elementor-element elementor-element-fc29e84 elementor-widget elementor-widget-heading\" data-id=\"fc29e84\" data-element_type=\"widget\" data-widget_type=\"heading.default\">\n\t\t\t\t\t<p class=\"elementor-heading-title elementor-size-default\">Learn about our customized solutions that deliver tangible, scalable results.<\/p>\t\t\t\t<\/div>\n\t\t<div class=\"elementor-element elementor-element-2670f18 e-con-full e-flex e-con e-child\" data-id=\"2670f18\" data-element_type=\"container\">\n\t\t\t\t<div class=\"elementor-element elementor-element-18340d8 elementor-widget elementor-widget-saorbutton\" data-id=\"18340d8\" data-element_type=\"widget\" data-widget_type=\"saorbutton.default\">\n\t\t\t\t<div class=\"elementor-widget-container\">\n\t\t\t\t\t<div class=\"btn-wrapper\"><a class=\"th-btn th_btn btn-mask th-btn-icon\" href=\"https:\/\/creativashift.com\/en\/#oferta\">Our Offer<\/a><\/div>\t\t\t\t<\/div>\n\t\t\t\t<\/div>\n\t\t\t\t<div class=\"elementor-element elementor-element-cec24ee elementor-widget elementor-widget-saorbutton\" data-id=\"cec24ee\" data-element_type=\"widget\" data-widget_type=\"saorbutton.default\">\n\t\t\t\t<div class=\"elementor-widget-container\">\n\t\t\t\t\t<div class=\"btn-wrapper\"><a class=\"th-btn th_btn style2 th-btn-icon\" href=\"https:\/\/creativashift.com\/en\/product\/shift-personalizado\/\">Custom plan<\/a><\/div>\t\t\t\t<\/div>\n\t\t\t\t<\/div>\n\t\t\t\t<\/div>\n\t\t\t\t<\/div>\n\t\t\t\t<\/div>\n\t\t\t\t\t<\/div>\n\t\t\t\t<\/div>\n\t\t\t\t<\/div>","protected":false},"excerpt":{"rendered":"<p>Estrategias de Impacto Sostenible Integramos pr\u00e1cticas sostenibles y socialmente responsables en tu empresa, mejorando la reputaci\u00f3n y el impacto positivo de tu marca. Implementamos programas de responsabilidad social, econom\u00eda circular y reportes de impacto ambiental. Beneficios Imagen de marca fortalecida. Cumplimiento de normativas. Fidelizaci\u00f3n de clientes conscientes. Aporte real a la comunidad. Reducci\u00f3n de huella&#8230;<\/p>","protected":false},"author":1,"featured_media":0,"parent":4432,"menu_order":0,"comment_status":"closed","ping_status":"closed","template":"elementor_header_footer","meta":{"footnotes":""},"class_list":["post-4509","page","type-page","status-publish","hentry"],"_links":{"self":[{"href":"https:\/\/creativashift.com\/en\/wp-json\/wp\/v2\/pages\/4509","targetHints":{"allow":["GET"]}}],"collection":[{"href":"https:\/\/creativashift.com\/en\/wp-json\/wp\/v2\/pages"}],"about":[{"href":"https:\/\/creativashift.com\/en\/wp-json\/wp\/v2\/types\/page"}],"author":[{"embeddable":true,"href":"https:\/\/creativashift.com\/en\/wp-json\/wp\/v2\/users\/1"}],"replies":[{"embeddable":true,"href":"https:\/\/creativashift.com\/en\/wp-json\/wp\/v2\/comments?post=4509"}],"version-history":[{"count":16,"href":"https:\/\/creativashift.com\/en\/wp-json\/wp\/v2\/pages\/4509\/revisions"}],"predecessor-version":[{"id":5014,"href":"https:\/\/creativashift.com\/en\/wp-json\/wp\/v2\/pages\/4509\/revisions\/5014"}],"up":[{"embeddable":true,"href":"https:\/\/creativashift.com\/en\/wp-json\/wp\/v2\/pages\/4432"}],"wp:attachment":[{"href":"https:\/\/creativashift.com\/en\/wp-json\/wp\/v2\/media?parent=4509"}],"curies":[{"name":"wp","href":"https:\/\/api.w.org\/{rel}","templated":true}]}}