{"id":4514,"date":"2025-08-12T17:52:35","date_gmt":"2025-08-12T23:52:35","guid":{"rendered":"https:\/\/creativashift.com\/?page_id=4514"},"modified":"2025-09-18T21:43:44","modified_gmt":"2025-09-19T03:43:44","slug":"marketing-360","status":"publish","type":"page","link":"https:\/\/creativashift.com\/en\/servicios\/marketing-360\/","title":{"rendered":"Marketing 360\u00b0"},"content":{"rendered":"<div data-elementor-type=\"wp-page\" data-elementor-id=\"4514\" class=\"elementor elementor-4514\">\n\t\t\t\t<div class=\"elementor-element elementor-element-e322b88 e-flex e-con-boxed e-con e-parent\" data-id=\"e322b88\" data-element_type=\"container\">\n\t\t\t\t\t<div class=\"e-con-inner\">\n\t\t<div class=\"elementor-element elementor-element-9c47278 e-con-full page-single e-flex e-con e-child\" data-id=\"9c47278\" data-element_type=\"container\">\n\t\t\r\n\t\t<div class=\"elementor-element elementor-element-265f951 elementor-widget elementor-widget-saorimage\" data-id=\"265f951\" data-element_type=\"widget\" data-widget_type=\"saorimage.default\">\n\t\t\t\t<div class=\"elementor-widget-container\">\n\t\t\t\t\t<div class=\"page-img global-img mb-50\"><img decoding=\"async\" src=\"https:\/\/creativashift.com\/wp-content\/uploads\/2025\/08\/serv3_a.jpg\" alt=\"serv3_a\"  \/><\/div>\t\t\t\t<\/div>\n\t\t\t\t<\/div>\n\t\t\t\t<div class=\"elementor-element elementor-element-66b6890 elementor-widget elementor-widget-text-editor\" data-id=\"66b6890\" data-element_type=\"widget\" data-widget_type=\"text-editor.default\">\n\t\t\t\t\t\t\t\t\t<h2 class=\"h2 page-title mb-20\"><strong>Marketing 360\u00b0<\/strong><\/h2>\t\t\t\t\t\t\t\t<\/div>\n\t\t\t\t<div class=\"elementor-element elementor-element-4d9c98d elementor-widget elementor-widget-text-editor\" data-id=\"4d9c98d\" data-element_type=\"widget\" data-widget_type=\"text-editor.default\">\n\t\t\t\t\t\t\t\t\t<p>We create customized strategies to connect with your audience and generate measurable results. We conduct market research, advanced segmentation, and multi-channel campaigns, combining online and offline actions.<\/p>\t\t\t\t\t\t\t\t<\/div>\n\t\t<div class=\"elementor-element elementor-element-3e354a4 e-con-full e-flex e-con e-child\" data-id=\"3e354a4\" data-element_type=\"container\">\n\t\t<div class=\"elementor-element elementor-element-6c22b45 e-con-full e-flex e-con e-child\" data-id=\"6c22b45\" data-element_type=\"container\">\n\t\t<div class=\"elementor-element elementor-element-c319e37 e-con-full page-img global-img e-flex e-con e-child\" data-id=\"c319e37\" data-element_type=\"container\">\n\t\t\t\t<div class=\"elementor-element elementor-element-4002678 w-100 elementor-widget elementor-widget-image\" data-id=\"4002678\" data-element_type=\"widget\" data-widget_type=\"image.default\">\n\t\t\t\t\t\t\t\t\t\t\t\t\t\t\t<img fetchpriority=\"high\" decoding=\"async\" width=\"282\" height=\"250\" src=\"https:\/\/creativashift.com\/wp-content\/uploads\/2025\/08\/serv3_b.jpg\" class=\"attachment-full size-full wp-image-4736\" alt=\"\" srcset=\"https:\/\/creativashift.com\/wp-content\/uploads\/2025\/08\/serv3_b.jpg 282w, https:\/\/creativashift.com\/wp-content\/uploads\/2025\/08\/serv3_b-14x12.jpg 14w\" sizes=\"(max-width: 282px) 100vw, 282px\" \/>\t\t\t\t\t\t\t\t\t\t\t\t\t\t\t<\/div>\n\t\t\t\t<\/div>\n\t\t\t\t<\/div>\n\t\t<div class=\"elementor-element elementor-element-77a0f35 e-con-full e-flex e-con e-child\" data-id=\"77a0f35\" data-element_type=\"container\">\n\t\t\t\t<div class=\"elementor-element elementor-element-2172624 elementor-widget elementor-widget-text-editor\" data-id=\"2172624\" data-element_type=\"widget\" data-widget_type=\"text-editor.default\">\n\t\t\t\t\t\t\t\t\t<h4 class=\"mb-20\">Benefits<\/h4>\t\t\t\t\t\t\t\t<\/div>\n\t\t\t\t<div class=\"elementor-element elementor-element-22bf3f2 elementor-widget elementor-widget-text-editor\" data-id=\"22bf3f2\" data-element_type=\"widget\" data-widget_type=\"text-editor.default\">\n\t\t\t\t\t\t\t\t\t<div class=\"checklist style4 mb-20\">\n<ul>\n\t<li><i class=\"fa-solid fa-shield-check\"><\/i>Greater visibility.<\/li>\n\t<li><i class=\"fa-solid fa-shield-check\"><\/i>Increase in sales.<\/li>\n\t<li><i class=\"fa-solid fa-shield-check\"><\/i>Precise segmentation.<\/li>\n\t<li><i class=\"fa-solid fa-shield-check\"><\/i>High-impact messages.<\/li>\n\t<li><i class=\"fa-solid fa-shield-check\"><\/i>Continuous optimization.<\/li>\n<\/ul>\n<\/div>\n\t\t\t\t\t\t\t\t<\/div>\n\t\t\t\t<\/div>\n\t\t\t\t<\/div>\n\t\t\t\t<div class=\"elementor-element elementor-element-d69fde6 elementor-hidden-desktop elementor-hidden-tablet elementor-hidden-mobile elementor-widget elementor-widget-saorservice\" data-id=\"d69fde6\" data-element_type=\"widget\" data-widget_type=\"saorservice.default\">\n\t\t\t\t<div class=\"elementor-widget-container\">\n\t\t\t\t\t<div class=\"service-process-wrap\"><div class=\"service-process\"><div class=\"service-process_img\"><img decoding=\"async\" src=\"https:\/\/wordpress.themeholy.com\/saor\/wp-content\/uploads\/2024\/12\/process_2_1.svg\" alt=\"process_2_1\"  \/><\/div><div class=\"service-process_centent\"><h5 class=\"service-process_title\">Finding Problem<\/h5><p class=\"service-process_text\">These companies provide services for a digital agency.<\/p><\/div><\/div><div class=\"service-process\"><div class=\"service-process_img\"><img decoding=\"async\" src=\"https:\/\/wordpress.themeholy.com\/saor\/wp-content\/uploads\/2024\/12\/process_2_2.svg\" alt=\"process_2_2\"  \/><\/div><div class=\"service-process_centent\"><h5 class=\"service-process_title\">Scalable Solutions<\/h5><p class=\"service-process_text\">These companies provide services for a digital agency.<\/p><\/div><\/div><div class=\"service-process\"><div class=\"service-process_img\"><img decoding=\"async\" src=\"https:\/\/wordpress.themeholy.com\/saor\/wp-content\/uploads\/2024\/12\/process_2_3.svg\" alt=\"process_2_3\"  \/><\/div><div class=\"service-process_centent\"><h5 class=\"service-process_title\">24\/7 Online Support<\/h5><p class=\"service-process_text\">These companies provide services for a digital agency.<\/p><\/div><\/div><\/div>\t\t\t\t<\/div>\n\t\t\t\t<\/div>\n\t\t\t\t<div class=\"elementor-element elementor-element-088c4a2 elementor-widget elementor-widget-text-editor\" data-id=\"088c4a2\" data-element_type=\"widget\" data-widget_type=\"text-editor.default\">\n\t\t\t\t\t\t\t\t\t<p><span style=\"font-weight: 400;\">In <\/span><b>CreativaShift<\/b><span style=\"font-weight: 400;\"> We believe that marketing is not just promotion, but the <\/span><b>strategic connection between your brand and your customers<\/b><span style=\"font-weight: 400;\">That's why we designed our service <\/span><b>Marketing 360\u00b0<\/b><span style=\"font-weight: 400;\">, a comprehensive solution that combines creativity, analytics, and technology to generate real results.<\/span><\/p><p><span style=\"font-weight: 400;\">Our plans are structured to support you at every stage of growth:<\/span><\/p><ul><li style=\"font-weight: 400;\" aria-level=\"1\"><span style=\"font-weight: 400;\">Essential services such as graphic design, social media posts, and digital consulting for entrepreneurs just starting to position their brand.<\/span><\/li><li style=\"font-weight: 400;\" aria-level=\"1\"><span style=\"font-weight: 400;\">Intermediate digital strategies that include Google\/Meta Ads campaigns, social media management, and content tailored to your business objectives.<\/span><\/li><li style=\"font-weight: 400;\" aria-level=\"1\"><span style=\"font-weight: 400;\">Comprehensive marketing with SEO, email marketing, automation, and advanced analytics for companies seeking expansion and consolidation.<\/span><\/li><li style=\"font-weight: 400;\" aria-level=\"1\"><span style=\"font-weight: 400;\">Premium packages with customized 360\u00b0 strategies that integrate all digital channels, branding, and long-term positioning for sustainable impact.<\/span><\/li><\/ul><p><span style=\"font-weight: 400;\">With 360\u00b0 Marketing of <\/span><b>CreativaShift<\/b><span style=\"font-weight: 400;\"> Your company gets a complete view of the digital ecosystem, ensuring that every action contributes to the <\/span><b>growth, visibility and profitability<\/b><span style=\"font-weight: 400;\"> of your business.<\/span><\/p>\t\t\t\t\t\t\t\t<\/div>\n\t\t\t\t<\/div>\n\t\t<div class=\"elementor-element elementor-element-bd6db1e e-con-full sidebar-area e-flex e-con e-child\" data-id=\"bd6db1e\" data-element_type=\"container\">\n\t\t\t\t<div class=\"elementor-element elementor-element-a5879e2 elementor-widget elementor-widget-saormenuselect\" data-id=\"a5879e2\" data-element_type=\"widget\" data-widget_type=\"saormenuselect.default\">\n\t\t\t\t<div class=\"elementor-widget-container\">\n\t\t\t\t\t<div class=\"widget widget_categories\"><h3 class=\"widget_title\">Services<\/h3><ul id=\"menu-service-sidebar-menu\" class=\"menu\"><li id=\"menu-item-4988\" class=\"menu-item menu-item-type-post_type menu-item-object-page menu-item-4988\"><a href=\"https:\/\/creativashift.com\/en\/servicios\/evolucion-digital-empresarial\/\">Digital Business Evolution<\/a><\/li>\n<li id=\"menu-item-4987\" class=\"menu-item menu-item-type-post_type menu-item-object-page menu-item-4987\"><a href=\"https:\/\/creativashift.com\/en\/servicios\/estrategias-de-impacto-sostenible\/\">Sustainable Impact Strategies<\/a><\/li>\n<li id=\"menu-item-4991\" class=\"menu-item menu-item-type-post_type menu-item-object-page menu-item-4991\"><a href=\"https:\/\/creativashift.com\/en\/servicios\/marketing-360\/\">Marketing 360\u00b0<\/a><\/li>\n<li id=\"menu-item-4989\" class=\"menu-item menu-item-type-post_type menu-item-object-page menu-item-4989\"><a href=\"https:\/\/creativashift.com\/en\/servicios\/gestion-agil\/\">Agile Management<\/a><\/li>\n<li id=\"menu-item-4990\" class=\"menu-item menu-item-type-post_type menu-item-object-page menu-item-4990\"><a href=\"https:\/\/creativashift.com\/en\/servicios\/innovacion-y-creacion-de-negocios\/\">Innovation and Business Creation<\/a><\/li>\n<\/ul><\/div>\t\t\t\t<\/div>\n\t\t\t\t<\/div>\n\t\t<div class=\"elementor-element elementor-element-46ad67b e-con-full e-flex e-con e-child\" data-id=\"46ad67b\" data-element_type=\"container\" data-settings=\"{&quot;background_background&quot;:&quot;classic&quot;}\">\n\t\t\t\t<div class=\"elementor-element elementor-element-5abb432 elementor-widget elementor-widget-heading\" data-id=\"5abb432\" data-element_type=\"widget\" data-widget_type=\"heading.default\">\n\t\t\t\t\t<p class=\"elementor-heading-title elementor-size-default\">Solutions tailored to you<\/p>\t\t\t\t<\/div>\n\t\t\t\t<div class=\"elementor-element elementor-element-2c616e6 elementor-widget elementor-widget-heading\" data-id=\"2c616e6\" data-element_type=\"widget\" data-widget_type=\"heading.default\">\n\t\t\t\t\t<p class=\"elementor-heading-title elementor-size-default\">Learn about our customized solutions that deliver tangible, scalable results.<\/p>\t\t\t\t<\/div>\n\t\t<div class=\"elementor-element elementor-element-120c06c e-con-full e-flex e-con e-child\" data-id=\"120c06c\" data-element_type=\"container\">\n\t\t\t\t<div class=\"elementor-element elementor-element-f5b2459 elementor-widget elementor-widget-saorbutton\" data-id=\"f5b2459\" data-element_type=\"widget\" data-widget_type=\"saorbutton.default\">\n\t\t\t\t<div class=\"elementor-widget-container\">\n\t\t\t\t\t<div class=\"btn-wrapper\"><a class=\"th-btn th_btn btn-mask th-btn-icon\" href=\"https:\/\/creativashift.com\/en\/#oferta\">Our Offer<\/a><\/div>\t\t\t\t<\/div>\n\t\t\t\t<\/div>\n\t\t\t\t<div class=\"elementor-element elementor-element-1b7435f elementor-widget elementor-widget-saorbutton\" data-id=\"1b7435f\" data-element_type=\"widget\" data-widget_type=\"saorbutton.default\">\n\t\t\t\t<div class=\"elementor-widget-container\">\n\t\t\t\t\t<div class=\"btn-wrapper\"><a class=\"th-btn th_btn style2 th-btn-icon\" href=\"https:\/\/creativashift.com\/en\/product\/shift-personalizado\/\">Custom plan<\/a><\/div>\t\t\t\t<\/div>\n\t\t\t\t<\/div>\n\t\t\t\t<\/div>\n\t\t\t\t<\/div>\n\t\t\t\t<\/div>\n\t\t\t\t\t<\/div>\n\t\t\t\t<\/div>\n\t\t\t\t<\/div>","protected":false},"excerpt":{"rendered":"<p>Marketing 360\u00b0 Creamos estrategias personalizadas para conectar con tu audiencia y generar resultados medibles. Realizamos estudios de mercado, segmentaci\u00f3n avanzada y campa\u00f1as multicanal, combinando acciones online y offline. Beneficios Mayor visibilidad. Incremento de ventas. Segmentaci\u00f3n precisa. Mensajes de alto impacto. Optimizaci\u00f3n continua. Finding Problem These companies provide services for a digital agency. Scalable Solutions These&#8230;<\/p>","protected":false},"author":1,"featured_media":0,"parent":4432,"menu_order":0,"comment_status":"closed","ping_status":"closed","template":"elementor_header_footer","meta":{"footnotes":""},"class_list":["post-4514","page","type-page","status-publish","hentry"],"_links":{"self":[{"href":"https:\/\/creativashift.com\/en\/wp-json\/wp\/v2\/pages\/4514","targetHints":{"allow":["GET"]}}],"collection":[{"href":"https:\/\/creativashift.com\/en\/wp-json\/wp\/v2\/pages"}],"about":[{"href":"https:\/\/creativashift.com\/en\/wp-json\/wp\/v2\/types\/page"}],"author":[{"embeddable":true,"href":"https:\/\/creativashift.com\/en\/wp-json\/wp\/v2\/users\/1"}],"replies":[{"embeddable":true,"href":"https:\/\/creativashift.com\/en\/wp-json\/wp\/v2\/comments?post=4514"}],"version-history":[{"count":13,"href":"https:\/\/creativashift.com\/en\/wp-json\/wp\/v2\/pages\/4514\/revisions"}],"predecessor-version":[{"id":5094,"href":"https:\/\/creativashift.com\/en\/wp-json\/wp\/v2\/pages\/4514\/revisions\/5094"}],"up":[{"embeddable":true,"href":"https:\/\/creativashift.com\/en\/wp-json\/wp\/v2\/pages\/4432"}],"wp:attachment":[{"href":"https:\/\/creativashift.com\/en\/wp-json\/wp\/v2\/media?parent=4514"}],"curies":[{"name":"wp","href":"https:\/\/api.w.org\/{rel}","templated":true}]}}