{"id":4519,"date":"2025-08-12T17:57:31","date_gmt":"2025-08-12T23:57:31","guid":{"rendered":"https:\/\/creativashift.com\/?page_id=4519"},"modified":"2025-09-18T21:45:30","modified_gmt":"2025-09-19T03:45:30","slug":"gestion-agil","status":"publish","type":"page","link":"https:\/\/creativashift.com\/en\/servicios\/gestion-agil\/","title":{"rendered":"Agile Management"},"content":{"rendered":"<div data-elementor-type=\"wp-page\" data-elementor-id=\"4519\" class=\"elementor elementor-4519\">\n\t\t\t\t<div class=\"elementor-element elementor-element-e322b88 e-flex e-con-boxed e-con e-parent\" data-id=\"e322b88\" data-element_type=\"container\">\n\t\t\t\t\t<div class=\"e-con-inner\">\n\t\t<div class=\"elementor-element elementor-element-9c47278 e-con-full page-single e-flex e-con e-child\" data-id=\"9c47278\" data-element_type=\"container\">\n\t\t\r\n\t\t<div class=\"elementor-element elementor-element-265f951 elementor-widget elementor-widget-saorimage\" data-id=\"265f951\" data-element_type=\"widget\" data-widget_type=\"saorimage.default\">\n\t\t\t\t<div class=\"elementor-widget-container\">\n\t\t\t\t\t<div class=\"page-img global-img mb-50\"><img decoding=\"async\" src=\"https:\/\/creativashift.com\/wp-content\/uploads\/2025\/08\/serv4_a.jpg\" alt=\"serv4_a\"  \/><\/div>\t\t\t\t<\/div>\n\t\t\t\t<\/div>\n\t\t\t\t<div class=\"elementor-element elementor-element-66b6890 elementor-widget elementor-widget-text-editor\" data-id=\"66b6890\" data-element_type=\"widget\" data-widget_type=\"text-editor.default\">\n\t\t\t\t\t\t\t\t\t<h2 class=\"h2 page-title mb-20\"><strong>Agile Management <\/strong><\/h2>\t\t\t\t\t\t\t\t<\/div>\n\t\t\t\t<div class=\"elementor-element elementor-element-4d9c98d elementor-widget elementor-widget-text-editor\" data-id=\"4d9c98d\" data-element_type=\"widget\" data-widget_type=\"text-editor.default\">\n\t\t\t\t\t\t\t\t\t<p>We support organizations through internal transformation processes, reducing resistance and increasing team adaptability to new processes or technologies.<\/p>\t\t\t\t\t\t\t\t<\/div>\n\t\t<div class=\"elementor-element elementor-element-3e354a4 e-con-full e-flex e-con e-child\" data-id=\"3e354a4\" data-element_type=\"container\">\n\t\t<div class=\"elementor-element elementor-element-6c22b45 e-con-full e-flex e-con e-child\" data-id=\"6c22b45\" data-element_type=\"container\">\n\t\t<div class=\"elementor-element elementor-element-f7d60f3 e-con-full page-img global-img e-flex e-con e-child\" data-id=\"f7d60f3\" data-element_type=\"container\">\n\t\t\t\t<div class=\"elementor-element elementor-element-b939b9a w-100 elementor-widget elementor-widget-image\" data-id=\"b939b9a\" data-element_type=\"widget\" data-widget_type=\"image.default\">\n\t\t\t\t\t\t\t\t\t\t\t\t\t\t\t<img fetchpriority=\"high\" decoding=\"async\" width=\"282\" height=\"250\" src=\"https:\/\/creativashift.com\/wp-content\/uploads\/2025\/08\/serv4_b.jpg\" class=\"attachment-large size-large wp-image-4738\" alt=\"\" srcset=\"https:\/\/creativashift.com\/wp-content\/uploads\/2025\/08\/serv4_b.jpg 282w, https:\/\/creativashift.com\/wp-content\/uploads\/2025\/08\/serv4_b-14x12.jpg 14w\" sizes=\"(max-width: 282px) 100vw, 282px\" \/>\t\t\t\t\t\t\t\t\t\t\t\t\t\t\t<\/div>\n\t\t\t\t<\/div>\n\t\t\t\t<\/div>\n\t\t<div class=\"elementor-element elementor-element-77a0f35 e-con-full e-flex e-con e-child\" data-id=\"77a0f35\" data-element_type=\"container\">\n\t\t\t\t<div class=\"elementor-element elementor-element-2172624 elementor-widget elementor-widget-text-editor\" data-id=\"2172624\" data-element_type=\"widget\" data-widget_type=\"text-editor.default\">\n\t\t\t\t\t\t\t\t\t<h4 class=\"mb-20\">Benefits<\/h4>\t\t\t\t\t\t\t\t<\/div>\n\t\t\t\t<div class=\"elementor-element elementor-element-22bf3f2 elementor-widget elementor-widget-text-editor\" data-id=\"22bf3f2\" data-element_type=\"widget\" data-widget_type=\"text-editor.default\">\n\t\t\t\t\t\t\t\t\t\n<div class=\"checklist style4 mb-20\">\n<ul>\n\t<li><i class=\"fa-solid fa-shield-check\"><\/i>Smoother transitions.<\/li>\n\t<li><i class=\"fa-solid fa-shield-check\"><\/i>Less resistance to change.<\/li>\n\t<li><i class=\"fa-solid fa-shield-check\"><\/i>Greater team commitment.<\/li>\n\t<li><i class=\"fa-solid fa-shield-check\"><\/i>Rapid integration of innovations.<\/li>\n\t<li><i class=\"fa-solid fa-shield-check\"><\/i>Stable productivity.<\/li>\n<\/ul>\n<\/div>\t\t\t\t\t\t\t\t<\/div>\n\t\t\t\t<\/div>\n\t\t\t\t<\/div>\n\t\t\t\t<div class=\"elementor-element elementor-element-d69fde6 elementor-hidden-desktop elementor-hidden-tablet elementor-hidden-mobile elementor-widget elementor-widget-saorservice\" data-id=\"d69fde6\" data-element_type=\"widget\" data-widget_type=\"saorservice.default\">\n\t\t\t\t<div class=\"elementor-widget-container\">\n\t\t\t\t\t<div class=\"service-process-wrap\"><div class=\"service-process\"><div class=\"service-process_img\"><img decoding=\"async\" src=\"https:\/\/wordpress.themeholy.com\/saor\/wp-content\/uploads\/2024\/12\/process_2_1.svg\" alt=\"process_2_1\"  \/><\/div><div class=\"service-process_centent\"><h5 class=\"service-process_title\">Finding Problem<\/h5><p class=\"service-process_text\">These companies provide services for a digital agency.<\/p><\/div><\/div><div class=\"service-process\"><div class=\"service-process_img\"><img decoding=\"async\" src=\"https:\/\/wordpress.themeholy.com\/saor\/wp-content\/uploads\/2024\/12\/process_2_2.svg\" alt=\"process_2_2\"  \/><\/div><div class=\"service-process_centent\"><h5 class=\"service-process_title\">Scalable Solutions<\/h5><p class=\"service-process_text\">These companies provide services for a digital agency.<\/p><\/div><\/div><div class=\"service-process\"><div class=\"service-process_img\"><img decoding=\"async\" src=\"https:\/\/wordpress.themeholy.com\/saor\/wp-content\/uploads\/2024\/12\/process_2_3.svg\" alt=\"process_2_3\"  \/><\/div><div class=\"service-process_centent\"><h5 class=\"service-process_title\">24\/7 Online Support<\/h5><p class=\"service-process_text\">These companies provide services for a digital agency.<\/p><\/div><\/div><\/div>\t\t\t\t<\/div>\n\t\t\t\t<\/div>\n\t\t\t\t<div class=\"elementor-element elementor-element-c66b960 elementor-widget elementor-widget-text-editor\" data-id=\"c66b960\" data-element_type=\"widget\" data-widget_type=\"text-editor.default\">\n\t\t\t\t\t\t\t\t\t<p><span style=\"font-weight: 400;\">In <\/span><b>CreativaShift<\/b><span style=\"font-weight: 400;\"> we know that speed and adaptability are key in today's business world. With our service <\/span><b>Agile Management<\/b><span style=\"font-weight: 400;\"> we help organizations to <\/span><b>optimize processes, improve collaboration, and quickly adapt to changes<\/b><span style=\"font-weight: 400;\"> of the market.<\/span><\/p><p><span style=\"font-weight: 400;\">Our packages are designed for different levels of organizational maturity:<\/span><\/p><ul><li style=\"font-weight: 400;\" aria-level=\"1\"><span style=\"font-weight: 400;\">Practical resources such as agile guides and checklists for small teams starting their journey toward productivity.<\/span><\/li><li style=\"font-weight: 400;\" aria-level=\"1\"><span style=\"font-weight: 400;\">Training workshops on agile methodologies (Scrum, Kanban, Design Thinking) and initial implementation support.<\/span><\/li><li style=\"font-weight: 400;\" aria-level=\"1\"><span style=\"font-weight: 400;\">Integrating agility into different areas of the company, with innovation and continuous improvement strategies.<\/span><\/li><li style=\"font-weight: 400;\" aria-level=\"1\"><span style=\"font-weight: 400;\">Complete Agile Transformation: 3- to 6-month support, implementation of advanced frameworks, and cultural shift toward a flexible, results-oriented organization.<\/span><\/li><\/ul><p><span style=\"font-weight: 400;\">With <\/span><b>Agile Management by CreativaShift<\/b><span style=\"font-weight: 400;\">, your company evolves towards a more efficient way of working <\/span><b>efficient, collaborative and adaptable<\/b><span style=\"font-weight: 400;\">, achieving greater productivity and motivated teams.<\/span><\/p>\t\t\t\t\t\t\t\t<\/div>\n\t\t\t\t<\/div>\n\t\t<div class=\"elementor-element elementor-element-bd6db1e e-con-full sidebar-area e-flex e-con e-child\" data-id=\"bd6db1e\" data-element_type=\"container\">\n\t\t\t\t<div class=\"elementor-element elementor-element-a5879e2 elementor-widget elementor-widget-saormenuselect\" data-id=\"a5879e2\" data-element_type=\"widget\" data-widget_type=\"saormenuselect.default\">\n\t\t\t\t<div class=\"elementor-widget-container\">\n\t\t\t\t\t<div class=\"widget widget_categories\"><h3 class=\"widget_title\">Services<\/h3><ul id=\"menu-service-sidebar-menu\" class=\"menu\"><li id=\"menu-item-4988\" class=\"menu-item menu-item-type-post_type menu-item-object-page menu-item-4988\"><a href=\"https:\/\/creativashift.com\/en\/servicios\/evolucion-digital-empresarial\/\">Digital Business Evolution<\/a><\/li>\n<li id=\"menu-item-4987\" class=\"menu-item menu-item-type-post_type menu-item-object-page menu-item-4987\"><a href=\"https:\/\/creativashift.com\/en\/servicios\/estrategias-de-impacto-sostenible\/\">Sustainable Impact Strategies<\/a><\/li>\n<li id=\"menu-item-4991\" class=\"menu-item menu-item-type-post_type menu-item-object-page menu-item-4991\"><a href=\"https:\/\/creativashift.com\/en\/servicios\/marketing-360\/\">Marketing 360\u00b0<\/a><\/li>\n<li id=\"menu-item-4989\" class=\"menu-item menu-item-type-post_type menu-item-object-page menu-item-4989\"><a href=\"https:\/\/creativashift.com\/en\/servicios\/gestion-agil\/\">Agile Management<\/a><\/li>\n<li id=\"menu-item-4990\" class=\"menu-item menu-item-type-post_type menu-item-object-page menu-item-4990\"><a href=\"https:\/\/creativashift.com\/en\/servicios\/innovacion-y-creacion-de-negocios\/\">Innovation and Business Creation<\/a><\/li>\n<\/ul><\/div>\t\t\t\t<\/div>\n\t\t\t\t<\/div>\n\t\t<div class=\"elementor-element elementor-element-8c07349 e-con-full e-flex e-con e-child\" data-id=\"8c07349\" data-element_type=\"container\" data-settings=\"{&quot;background_background&quot;:&quot;classic&quot;}\">\n\t\t\t\t<div class=\"elementor-element elementor-element-b522c9d elementor-widget elementor-widget-heading\" data-id=\"b522c9d\" data-element_type=\"widget\" data-widget_type=\"heading.default\">\n\t\t\t\t\t<p class=\"elementor-heading-title elementor-size-default\">Solutions tailored to you<\/p>\t\t\t\t<\/div>\n\t\t\t\t<div class=\"elementor-element elementor-element-c50d75f elementor-widget elementor-widget-heading\" data-id=\"c50d75f\" data-element_type=\"widget\" data-widget_type=\"heading.default\">\n\t\t\t\t\t<p class=\"elementor-heading-title elementor-size-default\">Learn about our customized solutions that deliver tangible, scalable results.<\/p>\t\t\t\t<\/div>\n\t\t<div class=\"elementor-element elementor-element-fccd731 e-con-full e-flex e-con e-child\" data-id=\"fccd731\" data-element_type=\"container\">\n\t\t\t\t<div class=\"elementor-element elementor-element-4877d8e elementor-widget elementor-widget-saorbutton\" data-id=\"4877d8e\" data-element_type=\"widget\" data-widget_type=\"saorbutton.default\">\n\t\t\t\t<div class=\"elementor-widget-container\">\n\t\t\t\t\t<div class=\"btn-wrapper\"><a class=\"th-btn th_btn btn-mask th-btn-icon\" href=\"https:\/\/creativashift.com\/en\/#oferta\">Our Offer<\/a><\/div>\t\t\t\t<\/div>\n\t\t\t\t<\/div>\n\t\t\t\t<div class=\"elementor-element elementor-element-bf7d521 elementor-widget elementor-widget-saorbutton\" data-id=\"bf7d521\" data-element_type=\"widget\" data-widget_type=\"saorbutton.default\">\n\t\t\t\t<div class=\"elementor-widget-container\">\n\t\t\t\t\t<div class=\"btn-wrapper\"><a class=\"th-btn th_btn style2 th-btn-icon\" href=\"https:\/\/creativashift.com\/en\/product\/shift-personalizado\/\">Custom plan<\/a><\/div>\t\t\t\t<\/div>\n\t\t\t\t<\/div>\n\t\t\t\t<\/div>\n\t\t\t\t<\/div>\n\t\t\t\t<\/div>\n\t\t\t\t\t<\/div>\n\t\t\t\t<\/div>\n\t\t\t\t<\/div>","protected":false},"excerpt":{"rendered":"<p>Gesti\u00f3n \u00c1gil Acompa\u00f1amos a las organizaciones en procesos de transformaci\u00f3n interna, reduciendo la resistencia y aumentando la adaptabilidad de los equipos frente a nuevos procesos o tecnolog\u00edas. Beneficios Transiciones m\u00e1s fluidas. Menor resistencia al cambio. Mayor compromiso del equipo. Integraci\u00f3n r\u00e1pida de innovaciones. Productividad estable. Finding Problem These companies provide services for a digital agency&#8230;.<\/p>","protected":false},"author":1,"featured_media":0,"parent":4432,"menu_order":0,"comment_status":"closed","ping_status":"closed","template":"elementor_header_footer","meta":{"footnotes":""},"class_list":["post-4519","page","type-page","status-publish","hentry"],"_links":{"self":[{"href":"https:\/\/creativashift.com\/en\/wp-json\/wp\/v2\/pages\/4519","targetHints":{"allow":["GET"]}}],"collection":[{"href":"https:\/\/creativashift.com\/en\/wp-json\/wp\/v2\/pages"}],"about":[{"href":"https:\/\/creativashift.com\/en\/wp-json\/wp\/v2\/types\/page"}],"author":[{"embeddable":true,"href":"https:\/\/creativashift.com\/en\/wp-json\/wp\/v2\/users\/1"}],"replies":[{"embeddable":true,"href":"https:\/\/creativashift.com\/en\/wp-json\/wp\/v2\/comments?post=4519"}],"version-history":[{"count":12,"href":"https:\/\/creativashift.com\/en\/wp-json\/wp\/v2\/pages\/4519\/revisions"}],"predecessor-version":[{"id":5097,"href":"https:\/\/creativashift.com\/en\/wp-json\/wp\/v2\/pages\/4519\/revisions\/5097"}],"up":[{"embeddable":true,"href":"https:\/\/creativashift.com\/en\/wp-json\/wp\/v2\/pages\/4432"}],"wp:attachment":[{"href":"https:\/\/creativashift.com\/en\/wp-json\/wp\/v2\/media?parent=4519"}],"curies":[{"name":"wp","href":"https:\/\/api.w.org\/{rel}","templated":true}]}}