{"id":4523,"date":"2025-08-12T18:29:57","date_gmt":"2025-08-13T00:29:57","guid":{"rendered":"https:\/\/creativashift.com\/?page_id=4523"},"modified":"2025-09-18T21:46:07","modified_gmt":"2025-09-19T03:46:07","slug":"innovacion-y-creacion-de-negocios","status":"publish","type":"page","link":"https:\/\/creativashift.com\/en\/servicios\/innovacion-y-creacion-de-negocios\/","title":{"rendered":"Innovation and Business Creation"},"content":{"rendered":"<div data-elementor-type=\"wp-page\" data-elementor-id=\"4523\" class=\"elementor elementor-4523\">\n\t\t\t\t<div class=\"elementor-element elementor-element-e322b88 e-flex e-con-boxed e-con e-parent\" data-id=\"e322b88\" data-element_type=\"container\">\n\t\t\t\t\t<div class=\"e-con-inner\">\n\t\t<div class=\"elementor-element elementor-element-9c47278 e-con-full page-single e-flex e-con e-child\" data-id=\"9c47278\" data-element_type=\"container\">\n\t\t\r\n\t\t<div class=\"elementor-element elementor-element-265f951 elementor-widget elementor-widget-saorimage\" data-id=\"265f951\" data-element_type=\"widget\" data-widget_type=\"saorimage.default\">\n\t\t\t\t<div class=\"elementor-widget-container\">\n\t\t\t\t\t<div class=\"page-img global-img mb-50\"><img decoding=\"async\" src=\"https:\/\/creativashift.com\/wp-content\/uploads\/2025\/08\/serv5_a.jpg\" alt=\"serv5_a\"  \/><\/div>\t\t\t\t<\/div>\n\t\t\t\t<\/div>\n\t\t\t\t<div class=\"elementor-element elementor-element-66b6890 elementor-widget elementor-widget-text-editor\" data-id=\"66b6890\" data-element_type=\"widget\" data-widget_type=\"text-editor.default\">\n\t\t\t\t\t\t\t\t\t<h2 class=\"h2 page-title mb-20\"><strong>Innovation and Business Creation <\/strong><\/h2>\t\t\t\t\t\t\t\t<\/div>\n\t\t\t\t<div class=\"elementor-element elementor-element-4d9c98d elementor-widget elementor-widget-text-editor\" data-id=\"4d9c98d\" data-element_type=\"widget\" data-widget_type=\"text-editor.default\">\n\t\t\t\t\t\t\t\t\t<p>We transform ideas into viable and scalable business models, taking advantage of trends, technologies, and market opportunities.<\/p>\t\t\t\t\t\t\t\t<\/div>\n\t\t<div class=\"elementor-element elementor-element-3e354a4 e-con-full e-flex e-con e-child\" data-id=\"3e354a4\" data-element_type=\"container\">\n\t\t<div class=\"elementor-element elementor-element-6c22b45 e-con-full e-flex e-con e-child\" data-id=\"6c22b45\" data-element_type=\"container\">\n\t\t<div class=\"elementor-element elementor-element-9aa64c1 e-con-full page-img global-img e-flex e-con e-child\" data-id=\"9aa64c1\" data-element_type=\"container\">\n\t\t\t\t<div class=\"elementor-element elementor-element-d16fd29 w-100 elementor-widget elementor-widget-image\" data-id=\"d16fd29\" data-element_type=\"widget\" data-widget_type=\"image.default\">\n\t\t\t\t\t\t\t\t\t\t\t\t\t\t\t<img fetchpriority=\"high\" decoding=\"async\" width=\"282\" height=\"250\" src=\"https:\/\/creativashift.com\/wp-content\/uploads\/2025\/08\/serv5_b.jpg\" class=\"attachment-large size-large wp-image-4743\" alt=\"\" srcset=\"https:\/\/creativashift.com\/wp-content\/uploads\/2025\/08\/serv5_b.jpg 282w, https:\/\/creativashift.com\/wp-content\/uploads\/2025\/08\/serv5_b-14x12.jpg 14w\" sizes=\"(max-width: 282px) 100vw, 282px\" \/>\t\t\t\t\t\t\t\t\t\t\t\t\t\t\t<\/div>\n\t\t\t\t<\/div>\n\t\t\t\t<\/div>\n\t\t<div class=\"elementor-element elementor-element-77a0f35 e-con-full e-flex e-con e-child\" data-id=\"77a0f35\" data-element_type=\"container\">\n\t\t\t\t<div class=\"elementor-element elementor-element-2172624 elementor-widget elementor-widget-text-editor\" data-id=\"2172624\" data-element_type=\"widget\" data-widget_type=\"text-editor.default\">\n\t\t\t\t\t\t\t\t\t<h4 class=\"mb-20\">Benefits<\/h4>\t\t\t\t\t\t\t\t<\/div>\n\t\t\t\t<div class=\"elementor-element elementor-element-22bf3f2 elementor-widget elementor-widget-text-editor\" data-id=\"22bf3f2\" data-element_type=\"widget\" data-widget_type=\"text-editor.default\">\n\t\t\t\t\t\t\t\t\t\n<div class=\"checklist style4 mb-20\">\n<ul>\n<li><i class=\"fa-solid fa-shield-check\"><\/i>Negocios adaptados a tendencias actuales.<\/li>\n<li><i class=\"fa-solid fa-shield-check\"><\/i>Greater profitability.<\/li>\n<li><i class=\"fa-solid fa-shield-check\"><\/i>Less risk in launching.<\/li>\n<li><i class=\"fa-solid fa-shield-check\"><\/i>Competitive differentiation.<\/li>\n<li><i class=\"fa-solid fa-shield-check\"><\/i>Sustainable growth.<\/li>\n\n<\/ul>\n<\/div>\n\n\n\t\t\t\t\t\t\t\t<\/div>\n\t\t\t\t<\/div>\n\t\t\t\t<\/div>\n\t\t\t\t<div class=\"elementor-element elementor-element-d69fde6 elementor-hidden-desktop elementor-hidden-tablet elementor-hidden-mobile elementor-widget elementor-widget-saorservice\" data-id=\"d69fde6\" data-element_type=\"widget\" data-widget_type=\"saorservice.default\">\n\t\t\t\t<div class=\"elementor-widget-container\">\n\t\t\t\t\t<div class=\"service-process-wrap\"><div class=\"service-process\"><div class=\"service-process_img\"><img decoding=\"async\" src=\"https:\/\/wordpress.themeholy.com\/saor\/wp-content\/uploads\/2024\/12\/process_2_1.svg\" alt=\"process_2_1\"  \/><\/div><div class=\"service-process_centent\"><h5 class=\"service-process_title\">Finding Problem<\/h5><p class=\"service-process_text\">These companies provide services for a digital agency.<\/p><\/div><\/div><div class=\"service-process\"><div class=\"service-process_img\"><img decoding=\"async\" src=\"https:\/\/wordpress.themeholy.com\/saor\/wp-content\/uploads\/2024\/12\/process_2_2.svg\" alt=\"process_2_2\"  \/><\/div><div class=\"service-process_centent\"><h5 class=\"service-process_title\">Scalable Solutions<\/h5><p class=\"service-process_text\">These companies provide services for a digital agency.<\/p><\/div><\/div><div class=\"service-process\"><div class=\"service-process_img\"><img decoding=\"async\" src=\"https:\/\/wordpress.themeholy.com\/saor\/wp-content\/uploads\/2024\/12\/process_2_3.svg\" alt=\"process_2_3\"  \/><\/div><div class=\"service-process_centent\"><h5 class=\"service-process_title\">24\/7 Online Support<\/h5><p class=\"service-process_text\">These companies provide services for a digital agency.<\/p><\/div><\/div><\/div>\t\t\t\t<\/div>\n\t\t\t\t<\/div>\n\t\t\t\t<div class=\"elementor-element elementor-element-86859f8 elementor-widget elementor-widget-text-editor\" data-id=\"86859f8\" data-element_type=\"widget\" data-widget_type=\"text-editor.default\">\n\t\t\t\t\t\t\t\t\t<p><span style=\"font-weight: 400;\">In <\/span><b>CreativaShift<\/b><span style=\"font-weight: 400;\"> we believe that innovation is the engine that transforms ideas into profitable realities. With our service <\/span><b>Innovation and Business Creation<\/b><span style=\"font-weight: 400;\"> we support entrepreneurs and companies in the design, validation, and launch of forward-thinking projects.<\/span><\/p><p><span style=\"font-weight: 400;\">Our packages are designed for each stage of the entrepreneurial journey:<\/span><\/p><ul><li style=\"font-weight: 400;\" aria-level=\"1\"><span style=\"font-weight: 400;\">Starter tools such as business model templates, quick fixes, and how-to guides for those looking to shape their ideas.<\/span><\/li><li style=\"font-weight: 400;\" aria-level=\"1\"><span style=\"font-weight: 400;\">Feasibility studies, market validation, and development of professional business plans that consolidate the value proposition.<\/span><\/li><li style=\"font-weight: 400;\" aria-level=\"1\"><span style=\"font-weight: 400;\">Applied innovation strategies, branding design, and support in structuring business projects.<\/span><\/li><li style=\"font-weight: 400;\" aria-level=\"1\"><span style=\"font-weight: 400;\">Premium programs that include comprehensive consulting, new business launches with a go-to-market strategy, and a long-term growth roadmap.<\/span><\/li><li style=\"font-weight: 400;\" aria-level=\"1\">\u00a0<\/li><\/ul><p><span style=\"font-weight: 400;\">With <\/span><b>Innovaci\u00f3n y Creaci\u00f3n de Negocios de CreativaShift<\/b><span style=\"font-weight: 400;\">, we transform ideas into solid, sustainable, and competitive projects, ready to grow in a global environment.<\/span><\/p>\t\t\t\t\t\t\t\t<\/div>\n\t\t\t\t<\/div>\n\t\t<div class=\"elementor-element elementor-element-bd6db1e e-con-full sidebar-area e-flex e-con e-child\" data-id=\"bd6db1e\" data-element_type=\"container\">\n\t\t\t\t<div class=\"elementor-element elementor-element-a5879e2 elementor-widget elementor-widget-saormenuselect\" data-id=\"a5879e2\" data-element_type=\"widget\" data-widget_type=\"saormenuselect.default\">\n\t\t\t\t<div class=\"elementor-widget-container\">\n\t\t\t\t\t<div class=\"widget widget_categories\"><h3 class=\"widget_title\">Services<\/h3><ul id=\"menu-service-sidebar-menu\" class=\"menu\"><li id=\"menu-item-4988\" class=\"menu-item menu-item-type-post_type menu-item-object-page menu-item-4988\"><a href=\"https:\/\/creativashift.com\/en\/servicios\/evolucion-digital-empresarial\/\">Digital Business Evolution<\/a><\/li>\n<li id=\"menu-item-4987\" class=\"menu-item menu-item-type-post_type menu-item-object-page menu-item-4987\"><a href=\"https:\/\/creativashift.com\/en\/servicios\/estrategias-de-impacto-sostenible\/\">Sustainable Impact Strategies<\/a><\/li>\n<li id=\"menu-item-4991\" class=\"menu-item menu-item-type-post_type menu-item-object-page menu-item-4991\"><a href=\"https:\/\/creativashift.com\/en\/servicios\/marketing-360\/\">Marketing 360\u00b0<\/a><\/li>\n<li id=\"menu-item-4989\" class=\"menu-item menu-item-type-post_type menu-item-object-page menu-item-4989\"><a href=\"https:\/\/creativashift.com\/en\/servicios\/gestion-agil\/\">Agile Management<\/a><\/li>\n<li id=\"menu-item-4990\" class=\"menu-item menu-item-type-post_type menu-item-object-page menu-item-4990\"><a href=\"https:\/\/creativashift.com\/en\/servicios\/innovacion-y-creacion-de-negocios\/\">Innovation and Business Creation<\/a><\/li>\n<\/ul><\/div>\t\t\t\t<\/div>\n\t\t\t\t<\/div>\n\t\t<div class=\"elementor-element elementor-element-ff55c88 e-con-full e-flex e-con e-child\" data-id=\"ff55c88\" data-element_type=\"container\" data-settings=\"{&quot;background_background&quot;:&quot;classic&quot;}\">\n\t\t\t\t<div class=\"elementor-element elementor-element-42d3f29 elementor-widget elementor-widget-heading\" data-id=\"42d3f29\" data-element_type=\"widget\" data-widget_type=\"heading.default\">\n\t\t\t\t\t<p class=\"elementor-heading-title elementor-size-default\">Solutions tailored to you<\/p>\t\t\t\t<\/div>\n\t\t\t\t<div class=\"elementor-element elementor-element-953fb85 elementor-widget elementor-widget-heading\" data-id=\"953fb85\" data-element_type=\"widget\" data-widget_type=\"heading.default\">\n\t\t\t\t\t<p class=\"elementor-heading-title elementor-size-default\">Learn about our customized solutions that deliver tangible, scalable results.<\/p>\t\t\t\t<\/div>\n\t\t<div class=\"elementor-element elementor-element-730fc54 e-con-full e-flex e-con e-child\" data-id=\"730fc54\" data-element_type=\"container\">\n\t\t\t\t<div class=\"elementor-element elementor-element-5528096 elementor-widget elementor-widget-saorbutton\" data-id=\"5528096\" data-element_type=\"widget\" data-widget_type=\"saorbutton.default\">\n\t\t\t\t<div class=\"elementor-widget-container\">\n\t\t\t\t\t<div class=\"btn-wrapper\"><a class=\"th-btn th_btn btn-mask th-btn-icon\" href=\"https:\/\/creativashift.com\/en\/#oferta\">Our Offer<\/a><\/div>\t\t\t\t<\/div>\n\t\t\t\t<\/div>\n\t\t\t\t<div class=\"elementor-element elementor-element-9926f77 elementor-widget elementor-widget-saorbutton\" data-id=\"9926f77\" data-element_type=\"widget\" data-widget_type=\"saorbutton.default\">\n\t\t\t\t<div class=\"elementor-widget-container\">\n\t\t\t\t\t<div class=\"btn-wrapper\"><a class=\"th-btn th_btn style2 th-btn-icon\" href=\"https:\/\/creativashift.com\/en\/product\/shift-personalizado\/\">Custom plan<\/a><\/div>\t\t\t\t<\/div>\n\t\t\t\t<\/div>\n\t\t\t\t<\/div>\n\t\t\t\t<\/div>\n\t\t\t\t<\/div>\n\t\t\t\t\t<\/div>\n\t\t\t\t<\/div>\n\t\t\t\t<\/div>","protected":false},"excerpt":{"rendered":"<p>Innovaci\u00f3n y Creaci\u00f3n de Negocios Convertimos ideas en modelos de negocio viables y escalables, aprovechando tendencias, tecnolog\u00edas y oportunidades de mercado. Beneficios Negocios adaptados a tendencias actuales. Mayor rentabilidad. Menos riesgos en el lanzamiento. Diferenciaci\u00f3n competitiva. Crecimiento sostenible. Finding Problem These companies provide services for a digital agency. Scalable Solutions These companies provide services for&#8230;<\/p>","protected":false},"author":1,"featured_media":0,"parent":4432,"menu_order":0,"comment_status":"closed","ping_status":"closed","template":"elementor_header_footer","meta":{"footnotes":""},"class_list":["post-4523","page","type-page","status-publish","hentry"],"_links":{"self":[{"href":"https:\/\/creativashift.com\/en\/wp-json\/wp\/v2\/pages\/4523","targetHints":{"allow":["GET"]}}],"collection":[{"href":"https:\/\/creativashift.com\/en\/wp-json\/wp\/v2\/pages"}],"about":[{"href":"https:\/\/creativashift.com\/en\/wp-json\/wp\/v2\/types\/page"}],"author":[{"embeddable":true,"href":"https:\/\/creativashift.com\/en\/wp-json\/wp\/v2\/users\/1"}],"replies":[{"embeddable":true,"href":"https:\/\/creativashift.com\/en\/wp-json\/wp\/v2\/comments?post=4523"}],"version-history":[{"count":15,"href":"https:\/\/creativashift.com\/en\/wp-json\/wp\/v2\/pages\/4523\/revisions"}],"predecessor-version":[{"id":5100,"href":"https:\/\/creativashift.com\/en\/wp-json\/wp\/v2\/pages\/4523\/revisions\/5100"}],"up":[{"embeddable":true,"href":"https:\/\/creativashift.com\/en\/wp-json\/wp\/v2\/pages\/4432"}],"wp:attachment":[{"href":"https:\/\/creativashift.com\/en\/wp-json\/wp\/v2\/media?parent=4523"}],"curies":[{"name":"wp","href":"https:\/\/api.w.org\/{rel}","templated":true}]}}